{"id":4071,"date":"2023-03-15T14:42:43","date_gmt":"2023-03-15T11:42:43","guid":{"rendered":"https:\/\/manolyatour.com\/?post_type=product&#038;p=4071"},"modified":"2023-10-31T14:42:23","modified_gmt":"2023-10-31T11:42:23","slug":"sile-and-agva-tour","status":"publish","type":"product","link":"https:\/\/manolyatour.com\/es\/product\/sile-and-agva-tour\/","title":{"rendered":"Tour a Sile y Agva desde Estambul"},"content":{"rendered":"<h2 style=\"text-align: center;\">Tour a Sile y Agva desde Estambul<\/h2>\n<h2 style=\"text-align: center;\">60 Euro<\/h2>\n<p style=\"text-align: justify;\"><strong>\u00bfQu\u00e9 est\u00e1 incluido?<\/strong><\/p>\n<ul style=\"text-align: justify;\">\n<li>Sakligol (Lago Escondido)<\/li>\n<li>Paseo en barco por el r\u00edo<\/li>\n<li>Faro<\/li>\n<li>Almuerzo<\/li>\n<li>Tiempo libre en la playa<\/li>\n<\/ul>\n<p style=\"text-align: justify;\"><strong>\u00bfQu\u00e9 no est\u00e1 incluido?<\/strong><\/p>\n<ul style=\"text-align: justify;\">\n<li>Gastos personales<\/li>\n<li>Consejos<\/li>\n<\/ul>\n<p style=\"text-align: justify;\"><strong>Reuni\u00f3n y recogida:<\/strong><\/p>\n<p style=\"text-align: justify;\">Por favor, h\u00e1ganos saber la ubicaci\u00f3n de su hotel. Te avisaremos de la hora de recogida.<\/p>\n<p style=\"text-align: justify;\"><strong>Hora de inicio:<\/strong><\/p>\n<p style=\"text-align: justify;\">09:00<\/p>\n<p style=\"text-align: justify;\"><strong>\u00bfQue esperar?<\/strong><\/p>\n<ul>\n<li style=\"text-align: justify;\"><strong>Sakligol:<\/strong> El lago Sakl\u0131, tambi\u00e9n conocido como \u201cLago Yukar\u0131 Dagdere\u201d, es un lago natural con una vista muy hermosa entre pinos. Tambi\u00e9n puedes hacer un picnic alrededor del lago. Es una zona ideal para excursiones de un d\u00eda y paseos por la naturaleza.<\/li>\n<li style=\"text-align: justify;\"><strong>Paseo en bote por el r\u00edo:<\/strong> Mientras navega por el r\u00edo, puede ver la belleza de la naturaleza desde el medio del r\u00edo, tambi\u00e9n le dar\u00e1 m\u00e1s frescura. Si amas la naturaleza y la tranquilidad, definitivamente este tour es para ti.<\/li>\n<li style=\"text-align: justify;\"><strong>Faro:<\/strong> el faro de Sile est\u00e1 ubicado en el distrito de Sile de Estambul y sirve al B\u00f3sforo y al Mar Negro. El faro de Sile, que es uno de los dos faros que brinda seguridad costera en el Mar Negro, fue construido en 1859 por la Administraci\u00f3n de Faros de Francia durante el Imperio Otomano, como otros faros.<\/li>\n<li style=\"text-align: justify;\"><strong>Sile Beach:<\/strong> mientras tiene tiempo libre, puede nadar en una de las playas m\u00e1s limpias del Mar Negro. O puedes dar un paseo junto a la Playa del Sile.<\/li>\n<\/ul>\n","protected":false},"excerpt":{"rendered":"<p style=\"text-align: justify;\">Dado que Sile and Agva Tour es un tour grupal, el transporte est\u00e1 incluido. Lo recogeremos de los hoteles del centro de la ciudad. Durante nuestro Tour Sile y Agva, disfrutar\u00e1 de su tiempo en la naturaleza. Durante nuestro recorrido por Sile y Agva, nuestro gu\u00eda tur\u00edstico de Estambul le contar\u00e1 la historia del distrito de Sile y Agva y lo llevar\u00e1 a Sakligol (lago escondido), paseo en bote por el r\u00edo, faro y tiempo libre en la playa.<\/p>\n<p style=\"text-align: justify;\">Como <a href=\"https:\/\/manolyatour.com\/es\/\">Manolya Tours<\/a>, recomendamos encarecidamente Istanbul Sile Tour y Agva Istanbul Tour. Porque tendr\u00e1s buenas oportunidades de pasar tiempo en los brazos de la naturaleza.<\/p>\n","protected":false},"featured_media":4073,"comment_status":"open","ping_status":"closed","template":"","meta":[],"product_brand":[],"product_cat":[63,64],"product_tag":[],"class_list":{"0":"post-4071","1":"product","2":"type-product","3":"status-publish","4":"has-post-thumbnail","6":"product_cat-tours","7":"product_cat-tours-a-estambul","9":"first","10":"instock","11":"sale","12":"shipping-taxable","13":"purchasable","14":"product-type-variable"},"yoast_head":"<!-- This site is optimized with the Yoast SEO plugin v27.3 - https:\/\/yoast.com\/product\/yoast-seo-wordpress\/ -->\n<title>Tour a Sile y Agva desde Estambul - Manolya Tours<\/title>\n<meta name=\"description\" content=\"Tour Sile y Agva, Dado que Sile and Agva Tour es un tour grupal, el transporte est\u00e1 incluido. Lo recogeremos de los hoteles del centro de la ciudad ...\" \/>\n<meta name=\"robots\" content=\"index, follow, max-snippet:-1, max-image-preview:large, max-video-preview:-1\" \/>\n<link rel=\"canonical\" href=\"https:\/\/manolyatour.com\/es\/product\/sile-and-agva-tour\/\" \/>\n<meta property=\"og:locale\" content=\"en_US\" \/>\n<meta property=\"og:type\" content=\"article\" \/>\n<meta property=\"og:title\" content=\"Tour a Sile y Agva desde Estambul - Manolya Tours\" \/>\n<meta property=\"og:description\" content=\"Tour Sile y Agva, Dado que Sile and Agva Tour es un tour grupal, el transporte est\u00e1 incluido. Lo recogeremos de los hoteles del centro de la ciudad ...\" \/>\n<meta property=\"og:url\" content=\"https:\/\/manolyatour.com\/es\/product\/sile-and-agva-tour\/\" \/>\n<meta property=\"og:site_name\" content=\"Manolya Tours\" \/>\n<meta property=\"article:modified_time\" content=\"2023-10-31T11:42:23+00:00\" \/>\n<meta property=\"og:image\" content=\"https:\/\/manolyatour.com\/es\/wp-content\/uploads\/2023\/06\/Sile-and-Agva-Tour-1.webp\" \/>\n\t<meta property=\"og:image:width\" content=\"600\" \/>\n\t<meta property=\"og:image:height\" content=\"413\" \/>\n\t<meta property=\"og:image:type\" content=\"image\/webp\" \/>\n<meta name=\"twitter:card\" content=\"summary_large_image\" \/>\n<meta name=\"twitter:label1\" content=\"Est. reading time\" \/>\n\t<meta name=\"twitter:data1\" content=\"2 minutes\" \/>\n<script type=\"application\/ld+json\" class=\"yoast-schema-graph\">{\"@context\":\"https:\\\/\\\/schema.org\",\"@graph\":[{\"@type\":\"WebPage\",\"@id\":\"https:\\\/\\\/manolyatour.com\\\/es\\\/product\\\/sile-and-agva-tour\\\/\",\"url\":\"https:\\\/\\\/manolyatour.com\\\/es\\\/product\\\/sile-and-agva-tour\\\/\",\"name\":\"Tour a Sile y Agva desde Estambul - Manolya Tours\",\"isPartOf\":{\"@id\":\"https:\\\/\\\/manolyatour.com\\\/es\\\/#website\"},\"primaryImageOfPage\":{\"@id\":\"https:\\\/\\\/manolyatour.com\\\/es\\\/product\\\/sile-and-agva-tour\\\/#primaryimage\"},\"image\":{\"@id\":\"https:\\\/\\\/manolyatour.com\\\/es\\\/product\\\/sile-and-agva-tour\\\/#primaryimage\"},\"thumbnailUrl\":\"https:\\\/\\\/manolyatour.com\\\/es\\\/wp-content\\\/uploads\\\/2023\\\/06\\\/Sile-and-Agva-Tour-1.webp\",\"datePublished\":\"2023-03-15T11:42:43+00:00\",\"dateModified\":\"2023-10-31T11:42:23+00:00\",\"description\":\"Tour Sile y Agva, Dado que Sile and Agva Tour es un tour grupal, el transporte est\u00e1 incluido. Lo recogeremos de los hoteles del centro de la ciudad ...\",\"breadcrumb\":{\"@id\":\"https:\\\/\\\/manolyatour.com\\\/es\\\/product\\\/sile-and-agva-tour\\\/#breadcrumb\"},\"inLanguage\":\"en-US\",\"potentialAction\":[{\"@type\":\"ReadAction\",\"target\":[\"https:\\\/\\\/manolyatour.com\\\/es\\\/product\\\/sile-and-agva-tour\\\/\"]}]},{\"@type\":\"ImageObject\",\"inLanguage\":\"en-US\",\"@id\":\"https:\\\/\\\/manolyatour.com\\\/es\\\/product\\\/sile-and-agva-tour\\\/#primaryimage\",\"url\":\"https:\\\/\\\/manolyatour.com\\\/es\\\/wp-content\\\/uploads\\\/2023\\\/06\\\/Sile-and-Agva-Tour-1.webp\",\"contentUrl\":\"https:\\\/\\\/manolyatour.com\\\/es\\\/wp-content\\\/uploads\\\/2023\\\/06\\\/Sile-and-Agva-Tour-1.webp\",\"width\":600,\"height\":413,\"caption\":\"Tour a Sile y Agva desde Estambul\"},{\"@type\":\"BreadcrumbList\",\"@id\":\"https:\\\/\\\/manolyatour.com\\\/es\\\/product\\\/sile-and-agva-tour\\\/#breadcrumb\",\"itemListElement\":[{\"@type\":\"ListItem\",\"position\":1,\"name\":\"\u062e\u0627\u0646\u0647\",\"item\":\"https:\\\/\\\/manolyatour.com\\\/es\\\/\"},{\"@type\":\"ListItem\",\"position\":2,\"name\":\"Tours\",\"item\":\"https:\\\/\\\/manolyatour.com\\\/es\\\/tours\\\/\"},{\"@type\":\"ListItem\",\"position\":3,\"name\":\"Tour a Sile y Agva desde Estambul\"}]},{\"@type\":\"WebSite\",\"@id\":\"https:\\\/\\\/manolyatour.com\\\/es\\\/#website\",\"url\":\"https:\\\/\\\/manolyatour.com\\\/es\\\/\",\"name\":\"Manolya Tours\",\"description\":\"Turkey Tourism Company\",\"publisher\":{\"@id\":\"https:\\\/\\\/manolyatour.com\\\/es\\\/#organization\"},\"potentialAction\":[{\"@type\":\"SearchAction\",\"target\":{\"@type\":\"EntryPoint\",\"urlTemplate\":\"https:\\\/\\\/manolyatour.com\\\/es\\\/?s={search_term_string}\"},\"query-input\":{\"@type\":\"PropertyValueSpecification\",\"valueRequired\":true,\"valueName\":\"search_term_string\"}}],\"inLanguage\":\"en-US\"},{\"@type\":\"Organization\",\"@id\":\"https:\\\/\\\/manolyatour.com\\\/es\\\/#organization\",\"name\":\"Manolya Tours\",\"url\":\"https:\\\/\\\/manolyatour.com\\\/es\\\/\",\"logo\":{\"@type\":\"ImageObject\",\"inLanguage\":\"en-US\",\"@id\":\"https:\\\/\\\/manolyatour.com\\\/es\\\/#\\\/schema\\\/logo\\\/image\\\/\",\"url\":\"https:\\\/\\\/manolyatour.com\\\/es\\\/wp-content\\\/uploads\\\/2023\\\/03\\\/ManolyaTour-Logo.png\",\"contentUrl\":\"https:\\\/\\\/manolyatour.com\\\/es\\\/wp-content\\\/uploads\\\/2023\\\/03\\\/ManolyaTour-Logo.png\",\"width\":300,\"height\":218,\"caption\":\"Manolya Tours\"},\"image\":{\"@id\":\"https:\\\/\\\/manolyatour.com\\\/es\\\/#\\\/schema\\\/logo\\\/image\\\/\"}}]}<\/script>\n<!-- \/ Yoast SEO plugin. -->","yoast_head_json":{"title":"Tour a Sile y Agva desde Estambul - Manolya Tours","description":"Tour Sile y Agva, Dado que Sile and Agva Tour es un tour grupal, el transporte est\u00e1 incluido. Lo recogeremos de los hoteles del centro de la ciudad ...","robots":{"index":"index","follow":"follow","max-snippet":"max-snippet:-1","max-image-preview":"max-image-preview:large","max-video-preview":"max-video-preview:-1"},"canonical":"https:\/\/manolyatour.com\/es\/product\/sile-and-agva-tour\/","og_locale":"en_US","og_type":"article","og_title":"Tour a Sile y Agva desde Estambul - Manolya Tours","og_description":"Tour Sile y Agva, Dado que Sile and Agva Tour es un tour grupal, el transporte est\u00e1 incluido. Lo recogeremos de los hoteles del centro de la ciudad ...","og_url":"https:\/\/manolyatour.com\/es\/product\/sile-and-agva-tour\/","og_site_name":"Manolya Tours","article_modified_time":"2023-10-31T11:42:23+00:00","og_image":[{"width":600,"height":413,"url":"https:\/\/manolyatour.com\/es\/wp-content\/uploads\/2023\/06\/Sile-and-Agva-Tour-1.webp","type":"image\/webp"}],"twitter_card":"summary_large_image","twitter_misc":{"Est. reading time":"2 minutes"},"schema":{"@context":"https:\/\/schema.org","@graph":[{"@type":"WebPage","@id":"https:\/\/manolyatour.com\/es\/product\/sile-and-agva-tour\/","url":"https:\/\/manolyatour.com\/es\/product\/sile-and-agva-tour\/","name":"Tour a Sile y Agva desde Estambul - Manolya Tours","isPartOf":{"@id":"https:\/\/manolyatour.com\/es\/#website"},"primaryImageOfPage":{"@id":"https:\/\/manolyatour.com\/es\/product\/sile-and-agva-tour\/#primaryimage"},"image":{"@id":"https:\/\/manolyatour.com\/es\/product\/sile-and-agva-tour\/#primaryimage"},"thumbnailUrl":"https:\/\/manolyatour.com\/es\/wp-content\/uploads\/2023\/06\/Sile-and-Agva-Tour-1.webp","datePublished":"2023-03-15T11:42:43+00:00","dateModified":"2023-10-31T11:42:23+00:00","description":"Tour Sile y Agva, Dado que Sile and Agva Tour es un tour grupal, el transporte est\u00e1 incluido. Lo recogeremos de los hoteles del centro de la ciudad ...","breadcrumb":{"@id":"https:\/\/manolyatour.com\/es\/product\/sile-and-agva-tour\/#breadcrumb"},"inLanguage":"en-US","potentialAction":[{"@type":"ReadAction","target":["https:\/\/manolyatour.com\/es\/product\/sile-and-agva-tour\/"]}]},{"@type":"ImageObject","inLanguage":"en-US","@id":"https:\/\/manolyatour.com\/es\/product\/sile-and-agva-tour\/#primaryimage","url":"https:\/\/manolyatour.com\/es\/wp-content\/uploads\/2023\/06\/Sile-and-Agva-Tour-1.webp","contentUrl":"https:\/\/manolyatour.com\/es\/wp-content\/uploads\/2023\/06\/Sile-and-Agva-Tour-1.webp","width":600,"height":413,"caption":"Tour a Sile y Agva desde Estambul"},{"@type":"BreadcrumbList","@id":"https:\/\/manolyatour.com\/es\/product\/sile-and-agva-tour\/#breadcrumb","itemListElement":[{"@type":"ListItem","position":1,"name":"\u062e\u0627\u0646\u0647","item":"https:\/\/manolyatour.com\/es\/"},{"@type":"ListItem","position":2,"name":"Tours","item":"https:\/\/manolyatour.com\/es\/tours\/"},{"@type":"ListItem","position":3,"name":"Tour a Sile y Agva desde Estambul"}]},{"@type":"WebSite","@id":"https:\/\/manolyatour.com\/es\/#website","url":"https:\/\/manolyatour.com\/es\/","name":"Manolya Tours","description":"Turkey Tourism Company","publisher":{"@id":"https:\/\/manolyatour.com\/es\/#organization"},"potentialAction":[{"@type":"SearchAction","target":{"@type":"EntryPoint","urlTemplate":"https:\/\/manolyatour.com\/es\/?s={search_term_string}"},"query-input":{"@type":"PropertyValueSpecification","valueRequired":true,"valueName":"search_term_string"}}],"inLanguage":"en-US"},{"@type":"Organization","@id":"https:\/\/manolyatour.com\/es\/#organization","name":"Manolya Tours","url":"https:\/\/manolyatour.com\/es\/","logo":{"@type":"ImageObject","inLanguage":"en-US","@id":"https:\/\/manolyatour.com\/es\/#\/schema\/logo\/image\/","url":"https:\/\/manolyatour.com\/es\/wp-content\/uploads\/2023\/03\/ManolyaTour-Logo.png","contentUrl":"https:\/\/manolyatour.com\/es\/wp-content\/uploads\/2023\/03\/ManolyaTour-Logo.png","width":300,"height":218,"caption":"Manolya Tours"},"image":{"@id":"https:\/\/manolyatour.com\/es\/#\/schema\/logo\/image\/"}}]}},"_links":{"self":[{"href":"https:\/\/manolyatour.com\/es\/wp-json\/wp\/v2\/product\/4071","targetHints":{"allow":["GET"]}}],"collection":[{"href":"https:\/\/manolyatour.com\/es\/wp-json\/wp\/v2\/product"}],"about":[{"href":"https:\/\/manolyatour.com\/es\/wp-json\/wp\/v2\/types\/product"}],"replies":[{"embeddable":true,"href":"https:\/\/manolyatour.com\/es\/wp-json\/wp\/v2\/comments?post=4071"}],"wp:featuredmedia":[{"embeddable":true,"href":"https:\/\/manolyatour.com\/es\/wp-json\/wp\/v2\/media\/4073"}],"wp:attachment":[{"href":"https:\/\/manolyatour.com\/es\/wp-json\/wp\/v2\/media?parent=4071"}],"wp:term":[{"taxonomy":"product_brand","embeddable":true,"href":"https:\/\/manolyatour.com\/es\/wp-json\/wp\/v2\/product_brand?post=4071"},{"taxonomy":"product_cat","embeddable":true,"href":"https:\/\/manolyatour.com\/es\/wp-json\/wp\/v2\/product_cat?post=4071"},{"taxonomy":"product_tag","embeddable":true,"href":"https:\/\/manolyatour.com\/es\/wp-json\/wp\/v2\/product_tag?post=4071"}],"curies":[{"name":"wp","href":"https:\/\/api.w.org\/{rel}","templated":true}]}}