{"id":2912,"date":"2023-03-15T14:15:33","date_gmt":"2023-03-15T11:15:33","guid":{"rendered":"https:\/\/manolyatour.com\/?post_type=product&#038;p=2912"},"modified":"2023-10-31T14:45:15","modified_gmt":"2023-10-31T11:45:15","slug":"troy-tour","status":"publish","type":"product","link":"https:\/\/manolyatour.com\/es\/product\/troy-tour\/","title":{"rendered":"Tour de Troya"},"content":{"rendered":"<h2 style=\"text-align: center;\">Tour de Troya<\/h2>\n<ul>\n<li>Excursi\u00f3n de un d\u00eda a Troya desde Estambul en autocar de lujo<\/li>\n<li>Desde Eceabat, tome un ferry a Canakkale y explore el sitio arqueol\u00f3gico de Troya, declarado Patrimonio de la Humanidad por la UNESCO.<\/li>\n<li>Visita los restos de Troya mientras aprendes sobre la Guerra de Troya.<\/li>\n<li>Pase por el Caballo de Troya de madera y visite su interior.<\/li>\n<\/ul>\n<p>Como <a href=\"https:\/\/manolyatour.com\/es\/\">Manolya Tours<\/a>, recomendamos encarecidamente nuestro recorrido diario por Troya desde Estambul.<\/p>\n<p><strong>Que esta incluido<\/strong><\/p>\n<ul>\n<li>Servicios de recogida y regreso a hoteles del centro de la ciudad.<\/li>\n<li>Tarifas del ferry entre Canakkale y Eceabat<\/li>\n<li>Costos de admisi\u00f3n<\/li>\n<li>Almuerzo<\/li>\n<li>Gu\u00eda tur\u00edstico autorizado<\/li>\n<li>Transporte en autobuses con aire acondicionado.<\/li>\n<\/ul>\n<p><strong>Lo que no est\u00e1 incluido<\/strong><\/p>\n<ul>\n<li>Bebidas<\/li>\n<li>Consejos<\/li>\n<\/ul>\n<p><strong>Reuni\u00f3n y Recogida:<\/strong><\/p>\n<p>Por favor inf\u00f3rmenos sobre la ubicaci\u00f3n de su hotel. Le informaremos sobre la hora de recogida.<\/p>\n<p><strong>Hora de inicio:<\/strong><\/p>\n<p>06:00 AM<\/p>\n<p><img fetchpriority=\"high\" decoding=\"async\" class=\"aligncenter size-full wp-image-1634\" src=\"https:\/\/manolyatour.com\/wp-content\/uploads\/2023\/01\/gallipoli-troy-tour-2-days-1-night-5d148af500da5-500x500-1.jpg\" alt=\"gallipoli-troy-tour-2-days-1-night-5d148af500da5-500x500\" width=\"500\" height=\"500\" srcset=\"https:\/\/manolyatour.com\/es\/wp-content\/uploads\/2023\/01\/gallipoli-troy-tour-2-days-1-night-5d148af500da5-500x500-1.jpg 500w, https:\/\/manolyatour.com\/es\/wp-content\/uploads\/2023\/01\/gallipoli-troy-tour-2-days-1-night-5d148af500da5-500x500-1-300x300.jpg 300w, https:\/\/manolyatour.com\/es\/wp-content\/uploads\/2023\/01\/gallipoli-troy-tour-2-days-1-night-5d148af500da5-500x500-1-100x100.jpg 100w, https:\/\/manolyatour.com\/es\/wp-content\/uploads\/2023\/01\/gallipoli-troy-tour-2-days-1-night-5d148af500da5-500x500-1-150x150.jpg 150w\" sizes=\"(max-width: 500px) 100vw, 500px\" \/><\/p>\n<p><strong>Que esperar:<\/strong><\/p>\n<p style=\"text-align: justify;\">En el tour Ca\u00edda de Troya, te reunir\u00e1s con tu gu\u00eda tur\u00edstico en tu hotel en Estambul por la ma\u00f1ana para realizar tu excursi\u00f3n de un d\u00eda a Troya. Viaje durante la mayor parte de la ma\u00f1ana y dir\u00edjase a Eceabat, una ciudad al este de la costa de los Dardanelos.<\/p>\n<p style=\"text-align: justify;\">En el Tour Ca\u00edda de Troya, har\u00e1s una parada para almorzar en Eceabat y disfrutar\u00e1s de una de las mejores comidas de dos platos en un restaurante local. Despu\u00e9s de eso, s\u00fabete a un ferry y viaja 20 minutos sobre Canakkale. Un corto viaje en autob\u00fas le llevar\u00e1 a la hist\u00f3rica Troya, declarada Patrimonio de la Humanidad por la UNESCO.<\/p>\n<p style=\"text-align: justify;\">Realice un recorrido por Troy Garden Tour y descubra la historia de esta antigua ciudad que existi\u00f3 hace casi 4.000 a\u00f1os y aprenda m\u00e1s sobre uno de los sitios arqueol\u00f3gicos m\u00e1s visitados.<\/p>\n<p style=\"text-align: justify;\">Descubra c\u00f3mo esta regi\u00f3n comenz\u00f3 como ciudades antes de convertirse en un imperio, sirviendo como la primera conexi\u00f3n entre Anatolia y el resto del Mediterr\u00e1neo. Luego, descubra c\u00f3mo Troya progres\u00f3 desde la Edad del Bronce hasta las \u00e9pocas griega y romana y su breve existencia como una peque\u00f1a ciudad bajo el imperio bizantino antes de ser destruida.<\/p>\n<p style=\"text-align: justify;\">En nuestro Tour por Troya, aprender\u00e1 sobre los mitos que rodean la Guerra de Troya, como el Pr\u00edncipe Troyano (Par\u00eds), de quien se dice que rapt\u00f3 a Helena de su marido Menelao, rey de Esparta, y provoc\u00f3 la Guerra de Troya de 10 a\u00f1os con el Aqueos (griegos).<\/p>\n<p>El caballo de Troya de madera, cuya imagen ic\u00f3nica define esta guerra \u00e9pica, es el siguiente espect\u00e1culo a contemplar.<\/p>\n<ul>\n<li>El Caballo de Troya, Altares de Sacrificio<\/li>\n<li>Las murallas de la ciudad de 3700 a\u00f1os de antig\u00fcedad<\/li>\n<li>Casas de Troya I, 3000 a.C. &#8211; 2500 a.C.<\/li>\n<li>El Bouleuterion (edificio del Senado)<\/li>\n<li>El Ode\u00f3n (Sala de Conciertos)<\/li>\n<li>Excavaciones actuales en curso.<\/li>\n<li>Restos de las distintas ciudades desde Troya I hasta Troya IX<\/li>\n<\/ul>\n<p><strong>Informaci\u00f3n adicional<\/strong><\/p>\n<ul>\n<li>Recibir\u00e1s la confirmaci\u00f3n en el momento de la reserva.<\/li>\n<li>No tenemos acceso para sillas de ruedas.<\/li>\n<li>No lo recomendamos para viajeros con problemas de espalda.<\/li>\n<li>No lo recomendamos para viajeros embarazadas.<\/li>\n<li>Recomendamos a la mayor\u00eda de los viajeros este tour.<\/li>\n<\/ul>\n<p><strong>Pol\u00edtica de cancelaci\u00f3n<\/strong><\/p>\n<ul>\n<li>Si cancelas hasta 48 horas antes de la experiencia, recibir\u00e1s un reembolso completo<\/li>\n<li>Cuando canceles con menos de 48 horas antes de la hora de inicio, no se te reembolsar\u00e1<\/li>\n<li>Si desea alg\u00fan cambio con menos de 48 horas de antelaci\u00f3n a la hora de inicio, no ser\u00e1 aceptado<\/li>\n<li>Si el tour se cancela debido al mal tiempo, ofreceremos una fecha diferente o un reembolso completo.<\/li>\n<\/ul>\n<p style=\"text-align: justify;\">\u00a0\u00a0\u00a0 Un Tour por Troya lo lleva en un viaje cautivador a trav\u00e9s del tiempo, desentra\u00f1ando los mitos antiguos y explorando las extraordinarias ruinas de una ciudad legendaria que ha fascinado a historiadores, arque\u00f3logos y narradores durante siglos. Ubicada en la actual Turqu\u00eda, Troya es un sitio arqueol\u00f3gico que sirve como testimonio de la rica historia y el legado perdurable de esta antigua civilizaci\u00f3n.<\/p>\n<p style=\"text-align: justify;\">En este art\u00edculo, profundizaremos en el encanto de un Tour por Troya, los cuentos m\u00edticos asociados con la ciudad y los notables descubrimientos arqueol\u00f3gicos que la convierten en un destino de visita obligada para los entusiastas de la historia y los exploradores culturales.<\/p>\n<ul style=\"text-align: justify;\">\n<li><strong>Desentra\u00f1ando la m\u00edtica historia de Troya:<\/strong> Troya es famosa por su asociaci\u00f3n con la m\u00edtica Guerra de Troya, narrada en el poema \u00e9pico de Homero, la Il\u00edada. Descubra las leyendas de h\u00e9roes y dioses, como Aquiles, H\u00e9ctor y la bella Helena de Troya, cuyas historias siguen cautivando la imaginaci\u00f3n hasta el d\u00eda de hoy. Mientras exploras el sitio arqueol\u00f3gico, sum\u00e9rgete en las capas de historia y mitolog\u00eda que han dado forma a la reputaci\u00f3n de la ciudad, dando vida a las historias de valent\u00eda, amor y traici\u00f3n que definen la Guerra de Troya.<\/li>\n<li><strong>Explorando el sitio arqueol\u00f3gico:<\/strong> El sitio arqueol\u00f3gico de Troya, declarado Patrimonio de la Humanidad por la UNESCO, ofrece una visi\u00f3n del rico pasado de la antigua ciudad. Siga los pasos de civilizaciones antiguas mientras explora las ruinas, incluidas las famosas murallas de la ciudad, templos, casas y fortificaciones defensivas. Marav\u00edllate ante la intrincada arquitectura, descubre restos de cer\u00e1mica antigua y conoce la vida cotidiana de las personas que alguna vez habitaron esta hist\u00f3rica ciudad. Las excavaciones arqueol\u00f3gicas han descubierto m\u00faltiples capas de la historia, revelando la evoluci\u00f3n de Troya a lo largo de varios milenios.<\/li>\n<li><strong>Aspectos destacados del recorrido por Troya:<\/strong> durante su recorrido por Troya, encontrar\u00e1 puntos destacados importantes que muestran la importancia hist\u00f3rica y cultural del sitio. Visita las imponentes murallas de Troya, que protegieron la ciudad y fueron testigos de innumerables batallas a lo largo de su existencia. Explore las ruinas del antiguo teatro, donde alguna vez se llevaron a cabo actuaciones y celebraciones. Admire la r\u00e9plica reconstruida del famoso caballo de madera, que simboliza la astuta artima\u00f1a que condujo a la ca\u00edda de Troya. Estos monumentos ic\u00f3nicos brindan una conexi\u00f3n tangible con el pasado legendario de la ciudad.<\/li>\n<li><strong>El Museo de Troya:<\/strong> Para mejorar la experiencia del Tour de Troya se encuentra el Museo de Troya, que alberga una notable colecci\u00f3n de artefactos excavados en el sitio. Las exhibiciones del museo ofrecen una comprensi\u00f3n m\u00e1s profunda de la historia de Troya, presentando hallazgos arqueol\u00f3gicos que van desde joyas y armas hasta esculturas y cer\u00e1mica. Sum\u00e9rgete en las historias detr\u00e1s de estos artefactos antiguos y obt\u00e9n informaci\u00f3n sobre la vida cotidiana, la cultura y los logros art\u00edsticos de las personas que alguna vez habitaron esta antigua ciudad.<\/li>\n<li><strong>Importancia cultural y reconocimiento de la UNESCO:<\/strong> la importancia de Troya se extiende m\u00e1s all\u00e1 de su fama m\u00edtica y sus maravillas arqueol\u00f3gicas. La inclusi\u00f3n del sitio en la Lista del Patrimonio Mundial de la UNESCO subraya su importancia cultural e hist\u00f3rica. Mientras exploras Troya, te conviertes en parte de un esfuerzo global para preservar y apreciar el patrimonio compartido de la humanidad. El reconocimiento destaca la necesidad de proteger y promover este extraordinario sitio arqueol\u00f3gico para que las generaciones futuras lo aprecien y aprendan.<\/li>\n<\/ul>\n<p style=\"text-align: justify;\">\u00a0\u00a0\u00a0 Un Troy Tour es un viaje cautivador que le permite sumergirse en los cuentos m\u00edticos y las ruinas antiguas de una de las ciudades m\u00e1s legendarias del mundo. Desde el encanto de la Guerra de Troya hasta los impresionantes descubrimientos arqueol\u00f3gicos, cada paso te acerca a desentra\u00f1ar los misterios de esta antigua civilizaci\u00f3n.<\/p>\n<p style=\"text-align: justify;\">Al explorar la rica historia y el significado cultural de Troya, no solo obtendr\u00e1 una comprensi\u00f3n m\u00e1s profunda del pasado, sino que tambi\u00e9n contribuir\u00e1 a la preservaci\u00f3n de nuestro patrimonio humano colectivo. Entonces, emb\u00e1rcate en un Tour por Troya y emb\u00e1rcate en una extraordinaria aventura que fusiona mitolog\u00eda, historia y arqueolog\u00eda de una manera que deja una marca indeleble en tu comprensi\u00f3n de las civilizaciones antiguas.<\/p>\n","protected":false},"excerpt":{"rendered":"<p style=\"text-align: justify;\"><strong>Acerca del recorrido:<\/strong><\/p>\n<p style=\"text-align: justify;\">Descubriremos la historia de la Guerra de Troya y la mitolog\u00eda griega antigua en este tour guiado de la Ca\u00edda de Troya desde Estambul. Tambi\u00e9n aprender\u00e1 sobre el conocido sitio arqueol\u00f3gico de Troya y ser\u00e1 testigo de una reproducci\u00f3n de una estatua del Caballo de Troya durante nuestro Tour por Troya desde Estambul.<\/p>\n<p style=\"text-align: justify;\">Dado que es un tour en grupo, contamos con servicios de recogida y regreso desde hoteles del centro de la ciudad. Al unirte a nuestro Troy Tour, podr\u00e1s pasar un gran d\u00eda con nosotros. Como tendr\u00e1 un gu\u00eda de habla inglesa, podr\u00e1 hacer sus preguntas a nuestro gu\u00eda tur\u00edstico de Troya y aprender sobre la historia turca.<\/p>\n<p style=\"text-align: justify;\">Luego, explorar\u00e1s los intrigantes per\u00edodos hist\u00f3ricos de Troya para ver c\u00f3mo esta ciudad cambi\u00f3 con el tiempo. Despu\u00e9s del recorrido, en Troy Garden Tour, disfrutar\u00e1 de un almuerzo en la ciudad costera de Eceabat.<\/p>\n<p style=\"text-align: justify;\">\n","protected":false},"featured_media":4217,"comment_status":"open","ping_status":"closed","template":"","meta":[],"product_brand":[],"product_cat":[63,64],"product_tag":[],"class_list":{"0":"post-2912","1":"product","2":"type-product","3":"status-publish","4":"has-post-thumbnail","6":"product_cat-tours","7":"product_cat-tours-a-estambul","9":"first","10":"instock","11":"sale","12":"shipping-taxable","13":"purchasable","14":"product-type-variable"},"yoast_head":"<!-- This site is optimized with the Yoast SEO plugin v27.3 - https:\/\/yoast.com\/product\/yoast-seo-wordpress\/ -->\n<title>Tour de Troya - Manolya Tours<\/title>\n<meta name=\"description\" content=\"Descubriremos la historia de la Guerra de Troya y la mitolog\u00eda griega antigua en este tour guiado por la ca\u00edda de Troya...\" \/>\n<meta name=\"robots\" content=\"index, follow, max-snippet:-1, max-image-preview:large, max-video-preview:-1\" \/>\n<link rel=\"canonical\" href=\"https:\/\/manolyatour.com\/es\/product\/troy-tour\/\" \/>\n<meta property=\"og:locale\" content=\"en_US\" \/>\n<meta property=\"og:type\" content=\"article\" \/>\n<meta property=\"og:title\" content=\"Tour de Troya - Manolya Tours\" \/>\n<meta property=\"og:description\" content=\"Descubriremos la historia de la Guerra de Troya y la mitolog\u00eda griega antigua en este tour guiado por la ca\u00edda de Troya...\" \/>\n<meta property=\"og:url\" content=\"https:\/\/manolyatour.com\/es\/product\/troy-tour\/\" \/>\n<meta property=\"og:site_name\" content=\"Manolya Tours\" \/>\n<meta property=\"article:modified_time\" content=\"2023-10-31T11:45:15+00:00\" \/>\n<meta property=\"og:image\" content=\"https:\/\/manolyatour.com\/es\/wp-content\/uploads\/2023\/03\/Troy-Tour-1.webp\" \/>\n\t<meta property=\"og:image:width\" content=\"600\" \/>\n\t<meta property=\"og:image:height\" content=\"413\" \/>\n\t<meta property=\"og:image:type\" content=\"image\/webp\" \/>\n<meta name=\"twitter:card\" content=\"summary_large_image\" \/>\n<meta name=\"twitter:label1\" content=\"Est. reading time\" \/>\n\t<meta name=\"twitter:data1\" content=\"6 minutes\" \/>\n<script type=\"application\/ld+json\" class=\"yoast-schema-graph\">{\"@context\":\"https:\\\/\\\/schema.org\",\"@graph\":[{\"@type\":\"WebPage\",\"@id\":\"https:\\\/\\\/manolyatour.com\\\/es\\\/product\\\/troy-tour\\\/\",\"url\":\"https:\\\/\\\/manolyatour.com\\\/es\\\/product\\\/troy-tour\\\/\",\"name\":\"Tour de Troya - Manolya Tours\",\"isPartOf\":{\"@id\":\"https:\\\/\\\/manolyatour.com\\\/es\\\/#website\"},\"primaryImageOfPage\":{\"@id\":\"https:\\\/\\\/manolyatour.com\\\/es\\\/product\\\/troy-tour\\\/#primaryimage\"},\"image\":{\"@id\":\"https:\\\/\\\/manolyatour.com\\\/es\\\/product\\\/troy-tour\\\/#primaryimage\"},\"thumbnailUrl\":\"https:\\\/\\\/manolyatour.com\\\/es\\\/wp-content\\\/uploads\\\/2023\\\/03\\\/Troy-Tour-1.webp\",\"datePublished\":\"2023-03-15T11:15:33+00:00\",\"dateModified\":\"2023-10-31T11:45:15+00:00\",\"description\":\"Descubriremos la historia de la Guerra de Troya y la mitolog\u00eda griega antigua en este tour guiado por la ca\u00edda de Troya...\",\"breadcrumb\":{\"@id\":\"https:\\\/\\\/manolyatour.com\\\/es\\\/product\\\/troy-tour\\\/#breadcrumb\"},\"inLanguage\":\"en-US\",\"potentialAction\":[{\"@type\":\"ReadAction\",\"target\":[\"https:\\\/\\\/manolyatour.com\\\/es\\\/product\\\/troy-tour\\\/\"]}]},{\"@type\":\"ImageObject\",\"inLanguage\":\"en-US\",\"@id\":\"https:\\\/\\\/manolyatour.com\\\/es\\\/product\\\/troy-tour\\\/#primaryimage\",\"url\":\"https:\\\/\\\/manolyatour.com\\\/es\\\/wp-content\\\/uploads\\\/2023\\\/03\\\/Troy-Tour-1.webp\",\"contentUrl\":\"https:\\\/\\\/manolyatour.com\\\/es\\\/wp-content\\\/uploads\\\/2023\\\/03\\\/Troy-Tour-1.webp\",\"width\":600,\"height\":413,\"caption\":\"Tour de Troya\"},{\"@type\":\"BreadcrumbList\",\"@id\":\"https:\\\/\\\/manolyatour.com\\\/es\\\/product\\\/troy-tour\\\/#breadcrumb\",\"itemListElement\":[{\"@type\":\"ListItem\",\"position\":1,\"name\":\"\u062e\u0627\u0646\u0647\",\"item\":\"https:\\\/\\\/manolyatour.com\\\/es\\\/\"},{\"@type\":\"ListItem\",\"position\":2,\"name\":\"Tours\",\"item\":\"https:\\\/\\\/manolyatour.com\\\/es\\\/tours\\\/\"},{\"@type\":\"ListItem\",\"position\":3,\"name\":\"Tour de Troya\"}]},{\"@type\":\"WebSite\",\"@id\":\"https:\\\/\\\/manolyatour.com\\\/es\\\/#website\",\"url\":\"https:\\\/\\\/manolyatour.com\\\/es\\\/\",\"name\":\"Manolya Tours\",\"description\":\"Turkey Tourism Company\",\"publisher\":{\"@id\":\"https:\\\/\\\/manolyatour.com\\\/es\\\/#organization\"},\"potentialAction\":[{\"@type\":\"SearchAction\",\"target\":{\"@type\":\"EntryPoint\",\"urlTemplate\":\"https:\\\/\\\/manolyatour.com\\\/es\\\/?s={search_term_string}\"},\"query-input\":{\"@type\":\"PropertyValueSpecification\",\"valueRequired\":true,\"valueName\":\"search_term_string\"}}],\"inLanguage\":\"en-US\"},{\"@type\":\"Organization\",\"@id\":\"https:\\\/\\\/manolyatour.com\\\/es\\\/#organization\",\"name\":\"Manolya Tours\",\"url\":\"https:\\\/\\\/manolyatour.com\\\/es\\\/\",\"logo\":{\"@type\":\"ImageObject\",\"inLanguage\":\"en-US\",\"@id\":\"https:\\\/\\\/manolyatour.com\\\/es\\\/#\\\/schema\\\/logo\\\/image\\\/\",\"url\":\"https:\\\/\\\/manolyatour.com\\\/es\\\/wp-content\\\/uploads\\\/2023\\\/03\\\/ManolyaTour-Logo.png\",\"contentUrl\":\"https:\\\/\\\/manolyatour.com\\\/es\\\/wp-content\\\/uploads\\\/2023\\\/03\\\/ManolyaTour-Logo.png\",\"width\":300,\"height\":218,\"caption\":\"Manolya Tours\"},\"image\":{\"@id\":\"https:\\\/\\\/manolyatour.com\\\/es\\\/#\\\/schema\\\/logo\\\/image\\\/\"}}]}<\/script>\n<!-- \/ Yoast SEO plugin. -->","yoast_head_json":{"title":"Tour de Troya - Manolya Tours","description":"Descubriremos la historia de la Guerra de Troya y la mitolog\u00eda griega antigua en este tour guiado por la ca\u00edda de Troya...","robots":{"index":"index","follow":"follow","max-snippet":"max-snippet:-1","max-image-preview":"max-image-preview:large","max-video-preview":"max-video-preview:-1"},"canonical":"https:\/\/manolyatour.com\/es\/product\/troy-tour\/","og_locale":"en_US","og_type":"article","og_title":"Tour de Troya - Manolya Tours","og_description":"Descubriremos la historia de la Guerra de Troya y la mitolog\u00eda griega antigua en este tour guiado por la ca\u00edda de Troya...","og_url":"https:\/\/manolyatour.com\/es\/product\/troy-tour\/","og_site_name":"Manolya Tours","article_modified_time":"2023-10-31T11:45:15+00:00","og_image":[{"width":600,"height":413,"url":"https:\/\/manolyatour.com\/es\/wp-content\/uploads\/2023\/03\/Troy-Tour-1.webp","type":"image\/webp"}],"twitter_card":"summary_large_image","twitter_misc":{"Est. reading time":"6 minutes"},"schema":{"@context":"https:\/\/schema.org","@graph":[{"@type":"WebPage","@id":"https:\/\/manolyatour.com\/es\/product\/troy-tour\/","url":"https:\/\/manolyatour.com\/es\/product\/troy-tour\/","name":"Tour de Troya - Manolya Tours","isPartOf":{"@id":"https:\/\/manolyatour.com\/es\/#website"},"primaryImageOfPage":{"@id":"https:\/\/manolyatour.com\/es\/product\/troy-tour\/#primaryimage"},"image":{"@id":"https:\/\/manolyatour.com\/es\/product\/troy-tour\/#primaryimage"},"thumbnailUrl":"https:\/\/manolyatour.com\/es\/wp-content\/uploads\/2023\/03\/Troy-Tour-1.webp","datePublished":"2023-03-15T11:15:33+00:00","dateModified":"2023-10-31T11:45:15+00:00","description":"Descubriremos la historia de la Guerra de Troya y la mitolog\u00eda griega antigua en este tour guiado por la ca\u00edda de Troya...","breadcrumb":{"@id":"https:\/\/manolyatour.com\/es\/product\/troy-tour\/#breadcrumb"},"inLanguage":"en-US","potentialAction":[{"@type":"ReadAction","target":["https:\/\/manolyatour.com\/es\/product\/troy-tour\/"]}]},{"@type":"ImageObject","inLanguage":"en-US","@id":"https:\/\/manolyatour.com\/es\/product\/troy-tour\/#primaryimage","url":"https:\/\/manolyatour.com\/es\/wp-content\/uploads\/2023\/03\/Troy-Tour-1.webp","contentUrl":"https:\/\/manolyatour.com\/es\/wp-content\/uploads\/2023\/03\/Troy-Tour-1.webp","width":600,"height":413,"caption":"Tour de Troya"},{"@type":"BreadcrumbList","@id":"https:\/\/manolyatour.com\/es\/product\/troy-tour\/#breadcrumb","itemListElement":[{"@type":"ListItem","position":1,"name":"\u062e\u0627\u0646\u0647","item":"https:\/\/manolyatour.com\/es\/"},{"@type":"ListItem","position":2,"name":"Tours","item":"https:\/\/manolyatour.com\/es\/tours\/"},{"@type":"ListItem","position":3,"name":"Tour de Troya"}]},{"@type":"WebSite","@id":"https:\/\/manolyatour.com\/es\/#website","url":"https:\/\/manolyatour.com\/es\/","name":"Manolya Tours","description":"Turkey Tourism Company","publisher":{"@id":"https:\/\/manolyatour.com\/es\/#organization"},"potentialAction":[{"@type":"SearchAction","target":{"@type":"EntryPoint","urlTemplate":"https:\/\/manolyatour.com\/es\/?s={search_term_string}"},"query-input":{"@type":"PropertyValueSpecification","valueRequired":true,"valueName":"search_term_string"}}],"inLanguage":"en-US"},{"@type":"Organization","@id":"https:\/\/manolyatour.com\/es\/#organization","name":"Manolya Tours","url":"https:\/\/manolyatour.com\/es\/","logo":{"@type":"ImageObject","inLanguage":"en-US","@id":"https:\/\/manolyatour.com\/es\/#\/schema\/logo\/image\/","url":"https:\/\/manolyatour.com\/es\/wp-content\/uploads\/2023\/03\/ManolyaTour-Logo.png","contentUrl":"https:\/\/manolyatour.com\/es\/wp-content\/uploads\/2023\/03\/ManolyaTour-Logo.png","width":300,"height":218,"caption":"Manolya Tours"},"image":{"@id":"https:\/\/manolyatour.com\/es\/#\/schema\/logo\/image\/"}}]}},"_links":{"self":[{"href":"https:\/\/manolyatour.com\/es\/wp-json\/wp\/v2\/product\/2912","targetHints":{"allow":["GET"]}}],"collection":[{"href":"https:\/\/manolyatour.com\/es\/wp-json\/wp\/v2\/product"}],"about":[{"href":"https:\/\/manolyatour.com\/es\/wp-json\/wp\/v2\/types\/product"}],"replies":[{"embeddable":true,"href":"https:\/\/manolyatour.com\/es\/wp-json\/wp\/v2\/comments?post=2912"}],"wp:featuredmedia":[{"embeddable":true,"href":"https:\/\/manolyatour.com\/es\/wp-json\/wp\/v2\/media\/4217"}],"wp:attachment":[{"href":"https:\/\/manolyatour.com\/es\/wp-json\/wp\/v2\/media?parent=2912"}],"wp:term":[{"taxonomy":"product_brand","embeddable":true,"href":"https:\/\/manolyatour.com\/es\/wp-json\/wp\/v2\/product_brand?post=2912"},{"taxonomy":"product_cat","embeddable":true,"href":"https:\/\/manolyatour.com\/es\/wp-json\/wp\/v2\/product_cat?post=2912"},{"taxonomy":"product_tag","embeddable":true,"href":"https:\/\/manolyatour.com\/es\/wp-json\/wp\/v2\/product_tag?post=2912"}],"curies":[{"name":"wp","href":"https:\/\/api.w.org\/{rel}","templated":true}]}}