{"id":2895,"date":"2023-03-15T13:47:32","date_gmt":"2023-03-15T10:47:32","guid":{"rendered":"https:\/\/manolyatour.com\/?post_type=product&#038;p=2895"},"modified":"2023-11-05T13:53:52","modified_gmt":"2023-11-05T10:53:52","slug":"canoeing-in-istanbul","status":"publish","type":"product","link":"https:\/\/manolyatour.com\/es\/product\/canoeing-in-istanbul\/","title":{"rendered":"Canotaje en Estambul"},"content":{"rendered":"<h2 style=\"text-align: justify;\">Canotaje en Estambul<\/h2>\n<p style=\"text-align: justify;\"><strong>\u00bfQu\u00e9 Est\u00e1 Incluido?<\/strong><\/p>\n<p style=\"text-align: justify;\">\n<ul style=\"text-align: justify;\">\n<li>Todo el Equipo para el Canotaje con Elementos de Seguridad<\/li>\n<li>Una botella de agua (de cortes\u00eda)<\/li>\n<\/ul>\n<p style=\"text-align: justify;\"><strong>Lo que no est\u00e1 incluido:<\/strong><\/p>\n<p style=\"text-align: justify;\">\n<ul style=\"text-align: justify;\">\n<li>Recogida y Regreso al Hotel (si hay una solicitud especial, podemos organizarlo por un costo adicional)<\/li>\n<li>Propinas<\/li>\n<\/ul>\n<p style=\"text-align: justify;\"><strong>Encuentro y Recogida:<\/strong><\/p>\n<p style=\"text-align: justify;\">Te daremos el punto de encuentro. Debes estar en el punto de encuentro al menos 30 minutos antes. Podr\u00e1s encontrarte con nuestro entrenador en la ubicaci\u00f3n. Te enviaremos la ubicaci\u00f3n despu\u00e9s de la reserva.<\/p>\n<p style=\"text-align: justify;\"><strong>\u00bfQu\u00e9 Esperar?<\/strong><\/p>\n<p style=\"text-align: justify;\">Te proporcionaremos todo el equipo necesario para el Canotaje en Estambul. Recomendamos a nuestros clientes tomar el ferry hacia el lado asi\u00e1tico de Estambul y luego tomar un taxi hasta la ubicaci\u00f3n del canotaje. Ser\u00e1 m\u00e1s f\u00e1cil llegar a la ubicaci\u00f3n de esta manera. Mientras haces canotaje, tendr\u00e1s una gran experiencia y disfrutar\u00e1s de las vistas espectaculares del B\u00f3sforo, que tiene el agua m\u00e1s pura de Estambul.<\/p>\n<p style=\"text-align: justify;\"><strong>Informaci\u00f3n Adicional<\/strong><\/p>\n<ul style=\"text-align: justify;\">\n<li>Recibir\u00e1s confirmaci\u00f3n en el momento de la reserva.<\/li>\n<li>No contamos con acceso para sillas de ruedas.<\/li>\n<li>No recomendamos el tour para viajeros con problemas de espalda.<\/li>\n<li>No recomendamos el tour para viajeras embarazadas.<\/li>\n<li>Recomendamos este tour para la mayor\u00eda de los viajeros en <a href=\"https:\/\/manolyatour.com\/product-category\/tours\/istanbul-tours\/\">Estambul<\/a>.<\/li>\n<\/ul>\n<p style=\"text-align: justify;\"><strong>Pol\u00edtica de Cancelaci\u00f3n<\/strong><\/p>\n<p style=\"text-align: justify;\">\n<ul style=\"text-align: justify;\">\n<li>Si cancelas con hasta 24 horas de antelaci\u00f3n a la experiencia, recibir\u00e1s un reembolso completo.<\/li>\n<li>Si cancelas menos de 24 horas antes de la hora de inicio, no se te reembolsar\u00e1.<\/li>\n<li>Si deseas realizar cambios con menos de 24 horas de antelaci\u00f3n a la hora de inicio, no se aceptar\u00e1n.<\/li>\n<li>Si el tour se cancela debido al mal tiempo, ofreceremos una fecha diferente o un reembolso completo.<\/li>\n<\/ul>\n<h3 style=\"text-align: justify;\">Canotaje en Estambul<\/h3>\n<p style=\"text-align: justify;\">El canotaje en Estambul ofrece una forma \u00fanica y emocionante de explorar las v\u00edas fluviales de la ciudad, descubrir gemas naturales ocultas y experimentar la serenidad de estar en el agua. Estambul, con su rica historia y impresionante paisaje costero, proporciona un escenario ideal para que los entusiastas del canotaje se conecten con la naturaleza y descubran un lado diferente de la ciudad. En este art\u00edculo, nos sumergiremos en el encanto del canotaje en Estambul, las pintorescas rutas disponibles y la experiencia inolvidable de remar por esta vibrante metr\u00f3polis.<\/p>\n<ol style=\"text-align: justify;\">\n<li><strong>Explorando las Islas de los Pr\u00edncipes:<\/strong> Las Islas de los Pr\u00edncipes, ubicadas a solo un corto viaje en ferry desde Estambul, ofrecen un entorno tranquilo y sin coches para el canotaje. Rema a lo largo de las orillas de estas pintorescas islas, disfrutando de la atm\u00f3sfera pac\u00edfica y de las impresionantes vistas costeras. Sum\u00e9rgete en las aguas cristalinas, pasa por encantadoras casas de madera y descubre calas apartadas y playas escondidas. El canotaje alrededor de las Islas de los Pr\u00edncipes es una experiencia serena e id\u00edlica que te permite escapar del bullicio de la ciudad e inmersi\u00f3narte en la belleza natural.<\/li>\n<li><strong>Navegando por el Estrecho del B\u00f3sforo:<\/strong> Canotear a lo largo del Estrecho del B\u00f3sforo es una experiencia verdaderamente cautivadora que te permite contemplar los emblem\u00e1ticos puntos de referencia de Estambul desde una perspectiva \u00fanica. Rema a lo largo de esta hist\u00f3rica v\u00eda fluvial, que divide la ciudad entre Europa y Asia, y marav\u00edllate ante la grandeza de palacios, fortalezas y mansiones que bordean sus orillas. Disfruta de las vistas siempre cambiantes mientras pasas bajo imponentes puentes y emp\u00e1pate de las vistas panor\u00e1micas del horizonte de Estambul. El canotaje en el B\u00f3sforo ofrece una mezcla de belleza natural y esplendor hist\u00f3rico verdaderamente inolvidable.<\/li>\n<li><strong>Descubriendo la Costa del Mar Negro:<\/strong> Para aquellos que buscan una experiencia de canotaje m\u00e1s aventurera, explorar la costa del Mar Negro de Estambul es imprescindible. Dir\u00edgete hacia el norte desde la ciudad y ad\u00e9ntrate en la belleza agreste de la regi\u00f3n. Rema a trav\u00e9s de aguas pr\u00edstinas, rodeado de exuberantes bosques verdes y acantilados dram\u00e1ticos. Descubre cuevas escondidas, playas remotas y pintorescos pueblos de pescadores en el camino. Canotear a lo largo de la costa del Mar Negro brinda una experiencia emocionante y fuera de lo com\u00fan, permiti\u00e9ndote conectarte con la naturaleza y explorar el lado salvaje de Estambul.<\/li>\n<li><strong>Interactuar con la cultura y la cocina locales:<\/strong> el pirag\u00fcismo en Estambul tambi\u00e9n ofrece oportunidades para sumergirse en la cultura local y saborear la vibrante escena culinaria de la ciudad. T\u00f3mese un descanso de remar y explore los barrios costeros, donde podr\u00e1 degustar platos de mariscos frescos, disfrutar de los tradicionales mezes turcos y saborear los sabores de la diversa cocina de Estambul. Interact\u00fae con los amigables lugare\u00f1os, aprenda sobre sus tradiciones y obtenga una comprensi\u00f3n m\u00e1s profunda del rico tapiz cultural de Estambul.<\/li>\n<li><strong>Seguridad y excursiones guiadas:<\/strong> ya sea que sea un pirag\u00fcista experimentado o un principiante, Estambul ofrece excursiones guiadas en canoa que se adaptan a todos los niveles. Los operadores tur\u00edsticos profesionales brindan canoas en buen estado, equipo de seguridad y gu\u00edas experimentados para garantizar su seguridad y disfrute durante toda la aventura. Ellos lo familiarizar\u00e1n con las rutas, le brindar\u00e1n instrucciones para remar y compartir\u00e1n sus conocimientos sobre la historia de la ciudad y su entorno natural. Tenga la seguridad de que est\u00e1 en buenas manos mientras se embarca en su viaje en canoa por Estambul.<\/li>\n<\/ol>\n<p style=\"text-align: justify;\">El pirag\u00fcismo en Estambul ofrece una forma refrescante e inmersiva de experimentar los canales, los impresionantes paisajes y los tesoros culturales de la ciudad. Desde las tranquilas Islas Pr\u00edncipe hasta el majestuoso Estrecho del B\u00f3sforo y la ind\u00f3mita costa del Mar Negro, cada remo revela un nuevo aspecto de la belleza de Estambul. As\u00ed que toma un remo, emb\u00e1rcate en una aventura en canoa y deja que el ritmo del agua te lleve a trav\u00e9s de los encantadores canales de la ciudad. Descubra los rincones escondidos, interact\u00fae con la cultura local y cree recuerdos que durar\u00e1n toda la vida mientras explora Estambul desde una perspectiva completamente nueva.<\/p>\n","protected":false},"excerpt":{"rendered":"<p style=\"text-align: justify;\"><strong>Acerca del Tour:<\/strong><\/p>\n<p style=\"text-align: justify;\">Durante el Canotaje en Estambul, puedes disfrutar del B\u00f3sforo con el Canotaje en Estambul. Dado que la ubicaci\u00f3n para el canotaje est\u00e1 en el lado asi\u00e1tico de Estambul, necesitas tomar un ferry hacia el lado asi\u00e1tico de la ciudad. Recomendamos utilizar los ferries p\u00fablicos o la l\u00ednea de metro si deseas ahorrar tiempo. Dado que Estambul es una ciudad muy transitada, puede haber un tr\u00e1fico realmente intenso durante las horas laborables. Despu\u00e9s de llegar a la ubicaci\u00f3n, nuestros entrenadores te recibir\u00e1n y te ayudar\u00e1n durante la experiencia de canotaje. Cada canoa tiene espacio para 2 personas y remas junto con tu entrenador al mismo tiempo. Por lo tanto, no estar\u00e1s solo mientras est\u00e1s en el B\u00f3sforo. Si tienes amigos o pareja, podr\u00e1n remar uno detr\u00e1s del otro y tomar fotos juntos bajo el puente.<\/p>\n<p style=\"text-align: justify;\">Como una Agencia de Viajes profesional y con licencia en Estambul, proporcionamos Alquiler de Canoas en Estambul. Para obtener m\u00e1s informaci\u00f3n, visita regularmente nuestro sitio web.<\/p>\n<p style=\"text-align: justify;\">Bajo el nombre de Agencia de Viajes <a href=\"https:\/\/manolyatour.com\/es\/\">Manolya<\/a>, recomendamos encarecidamente el Canotaje en Estambul como un tour.<\/p>\n","protected":false},"featured_media":4226,"comment_status":"open","ping_status":"closed","template":"","meta":[],"product_brand":[],"product_cat":[63,64],"product_tag":[],"class_list":{"0":"post-2895","1":"product","2":"type-product","3":"status-publish","4":"has-post-thumbnail","6":"product_cat-tours","7":"product_cat-tours-a-estambul","9":"first","10":"instock","11":"sale","12":"shipping-taxable","13":"purchasable","14":"product-type-variable"},"yoast_head":"<!-- This site is optimized with the Yoast SEO plugin v27.3 - https:\/\/yoast.com\/product\/yoast-seo-wordpress\/ -->\n<title>Canotaje en Estambul<\/title>\n<meta name=\"description\" content=\"Canotaje en Estambul, Durante el Canotaje en Estambul, puedes disfrutar del B\u00f3sforo con el Canotaje en Estambul. Dado que la ubicaci\u00f3n para el ...\" \/>\n<meta name=\"robots\" content=\"index, follow, max-snippet:-1, max-image-preview:large, max-video-preview:-1\" \/>\n<link rel=\"canonical\" href=\"https:\/\/manolyatour.com\/es\/product\/canoeing-in-istanbul\/\" \/>\n<meta property=\"og:locale\" content=\"en_US\" \/>\n<meta property=\"og:type\" content=\"article\" \/>\n<meta property=\"og:title\" content=\"Canotaje en Estambul\" \/>\n<meta property=\"og:description\" content=\"Canotaje en Estambul, Durante el Canotaje en Estambul, puedes disfrutar del B\u00f3sforo con el Canotaje en Estambul. Dado que la ubicaci\u00f3n para el ...\" \/>\n<meta property=\"og:url\" content=\"https:\/\/manolyatour.com\/es\/product\/canoeing-in-istanbul\/\" \/>\n<meta property=\"og:site_name\" content=\"Manolya Tours\" \/>\n<meta property=\"article:modified_time\" content=\"2023-11-05T10:53:52+00:00\" \/>\n<meta property=\"og:image\" content=\"https:\/\/manolyatour.com\/es\/wp-content\/uploads\/2023\/03\/Canoeing-in-Istanbul-1.webp\" \/>\n\t<meta property=\"og:image:width\" content=\"600\" \/>\n\t<meta property=\"og:image:height\" content=\"413\" \/>\n\t<meta property=\"og:image:type\" content=\"image\/webp\" \/>\n<meta name=\"twitter:card\" content=\"summary_large_image\" \/>\n<meta name=\"twitter:label1\" content=\"Est. reading time\" \/>\n\t<meta name=\"twitter:data1\" content=\"5 minutes\" \/>\n<script type=\"application\/ld+json\" class=\"yoast-schema-graph\">{\"@context\":\"https:\\\/\\\/schema.org\",\"@graph\":[{\"@type\":\"WebPage\",\"@id\":\"https:\\\/\\\/manolyatour.com\\\/es\\\/product\\\/canoeing-in-istanbul\\\/\",\"url\":\"https:\\\/\\\/manolyatour.com\\\/es\\\/product\\\/canoeing-in-istanbul\\\/\",\"name\":\"Canotaje en Estambul\",\"isPartOf\":{\"@id\":\"https:\\\/\\\/manolyatour.com\\\/es\\\/#website\"},\"primaryImageOfPage\":{\"@id\":\"https:\\\/\\\/manolyatour.com\\\/es\\\/product\\\/canoeing-in-istanbul\\\/#primaryimage\"},\"image\":{\"@id\":\"https:\\\/\\\/manolyatour.com\\\/es\\\/product\\\/canoeing-in-istanbul\\\/#primaryimage\"},\"thumbnailUrl\":\"https:\\\/\\\/manolyatour.com\\\/es\\\/wp-content\\\/uploads\\\/2023\\\/03\\\/Canoeing-in-Istanbul-1.webp\",\"datePublished\":\"2023-03-15T10:47:32+00:00\",\"dateModified\":\"2023-11-05T10:53:52+00:00\",\"description\":\"Canotaje en Estambul, Durante el Canotaje en Estambul, puedes disfrutar del B\u00f3sforo con el Canotaje en Estambul. Dado que la ubicaci\u00f3n para el ...\",\"breadcrumb\":{\"@id\":\"https:\\\/\\\/manolyatour.com\\\/es\\\/product\\\/canoeing-in-istanbul\\\/#breadcrumb\"},\"inLanguage\":\"en-US\",\"potentialAction\":[{\"@type\":\"ReadAction\",\"target\":[\"https:\\\/\\\/manolyatour.com\\\/es\\\/product\\\/canoeing-in-istanbul\\\/\"]}]},{\"@type\":\"ImageObject\",\"inLanguage\":\"en-US\",\"@id\":\"https:\\\/\\\/manolyatour.com\\\/es\\\/product\\\/canoeing-in-istanbul\\\/#primaryimage\",\"url\":\"https:\\\/\\\/manolyatour.com\\\/es\\\/wp-content\\\/uploads\\\/2023\\\/03\\\/Canoeing-in-Istanbul-1.webp\",\"contentUrl\":\"https:\\\/\\\/manolyatour.com\\\/es\\\/wp-content\\\/uploads\\\/2023\\\/03\\\/Canoeing-in-Istanbul-1.webp\",\"width\":600,\"height\":413,\"caption\":\"Canotaje en Estambul\"},{\"@type\":\"BreadcrumbList\",\"@id\":\"https:\\\/\\\/manolyatour.com\\\/es\\\/product\\\/canoeing-in-istanbul\\\/#breadcrumb\",\"itemListElement\":[{\"@type\":\"ListItem\",\"position\":1,\"name\":\"\u062e\u0627\u0646\u0647\",\"item\":\"https:\\\/\\\/manolyatour.com\\\/es\\\/\"},{\"@type\":\"ListItem\",\"position\":2,\"name\":\"Tours\",\"item\":\"https:\\\/\\\/manolyatour.com\\\/es\\\/tours\\\/\"},{\"@type\":\"ListItem\",\"position\":3,\"name\":\"Canotaje en Estambul\"}]},{\"@type\":\"WebSite\",\"@id\":\"https:\\\/\\\/manolyatour.com\\\/es\\\/#website\",\"url\":\"https:\\\/\\\/manolyatour.com\\\/es\\\/\",\"name\":\"Manolya Tours\",\"description\":\"Turkey Tourism Company\",\"publisher\":{\"@id\":\"https:\\\/\\\/manolyatour.com\\\/es\\\/#organization\"},\"potentialAction\":[{\"@type\":\"SearchAction\",\"target\":{\"@type\":\"EntryPoint\",\"urlTemplate\":\"https:\\\/\\\/manolyatour.com\\\/es\\\/?s={search_term_string}\"},\"query-input\":{\"@type\":\"PropertyValueSpecification\",\"valueRequired\":true,\"valueName\":\"search_term_string\"}}],\"inLanguage\":\"en-US\"},{\"@type\":\"Organization\",\"@id\":\"https:\\\/\\\/manolyatour.com\\\/es\\\/#organization\",\"name\":\"Manolya Tours\",\"url\":\"https:\\\/\\\/manolyatour.com\\\/es\\\/\",\"logo\":{\"@type\":\"ImageObject\",\"inLanguage\":\"en-US\",\"@id\":\"https:\\\/\\\/manolyatour.com\\\/es\\\/#\\\/schema\\\/logo\\\/image\\\/\",\"url\":\"https:\\\/\\\/manolyatour.com\\\/es\\\/wp-content\\\/uploads\\\/2023\\\/03\\\/ManolyaTour-Logo.png\",\"contentUrl\":\"https:\\\/\\\/manolyatour.com\\\/es\\\/wp-content\\\/uploads\\\/2023\\\/03\\\/ManolyaTour-Logo.png\",\"width\":300,\"height\":218,\"caption\":\"Manolya Tours\"},\"image\":{\"@id\":\"https:\\\/\\\/manolyatour.com\\\/es\\\/#\\\/schema\\\/logo\\\/image\\\/\"}}]}<\/script>\n<!-- \/ Yoast SEO plugin. -->","yoast_head_json":{"title":"Canotaje en Estambul","description":"Canotaje en Estambul, Durante el Canotaje en Estambul, puedes disfrutar del B\u00f3sforo con el Canotaje en Estambul. Dado que la ubicaci\u00f3n para el ...","robots":{"index":"index","follow":"follow","max-snippet":"max-snippet:-1","max-image-preview":"max-image-preview:large","max-video-preview":"max-video-preview:-1"},"canonical":"https:\/\/manolyatour.com\/es\/product\/canoeing-in-istanbul\/","og_locale":"en_US","og_type":"article","og_title":"Canotaje en Estambul","og_description":"Canotaje en Estambul, Durante el Canotaje en Estambul, puedes disfrutar del B\u00f3sforo con el Canotaje en Estambul. Dado que la ubicaci\u00f3n para el ...","og_url":"https:\/\/manolyatour.com\/es\/product\/canoeing-in-istanbul\/","og_site_name":"Manolya Tours","article_modified_time":"2023-11-05T10:53:52+00:00","og_image":[{"width":600,"height":413,"url":"https:\/\/manolyatour.com\/es\/wp-content\/uploads\/2023\/03\/Canoeing-in-Istanbul-1.webp","type":"image\/webp"}],"twitter_card":"summary_large_image","twitter_misc":{"Est. reading time":"5 minutes"},"schema":{"@context":"https:\/\/schema.org","@graph":[{"@type":"WebPage","@id":"https:\/\/manolyatour.com\/es\/product\/canoeing-in-istanbul\/","url":"https:\/\/manolyatour.com\/es\/product\/canoeing-in-istanbul\/","name":"Canotaje en Estambul","isPartOf":{"@id":"https:\/\/manolyatour.com\/es\/#website"},"primaryImageOfPage":{"@id":"https:\/\/manolyatour.com\/es\/product\/canoeing-in-istanbul\/#primaryimage"},"image":{"@id":"https:\/\/manolyatour.com\/es\/product\/canoeing-in-istanbul\/#primaryimage"},"thumbnailUrl":"https:\/\/manolyatour.com\/es\/wp-content\/uploads\/2023\/03\/Canoeing-in-Istanbul-1.webp","datePublished":"2023-03-15T10:47:32+00:00","dateModified":"2023-11-05T10:53:52+00:00","description":"Canotaje en Estambul, Durante el Canotaje en Estambul, puedes disfrutar del B\u00f3sforo con el Canotaje en Estambul. Dado que la ubicaci\u00f3n para el ...","breadcrumb":{"@id":"https:\/\/manolyatour.com\/es\/product\/canoeing-in-istanbul\/#breadcrumb"},"inLanguage":"en-US","potentialAction":[{"@type":"ReadAction","target":["https:\/\/manolyatour.com\/es\/product\/canoeing-in-istanbul\/"]}]},{"@type":"ImageObject","inLanguage":"en-US","@id":"https:\/\/manolyatour.com\/es\/product\/canoeing-in-istanbul\/#primaryimage","url":"https:\/\/manolyatour.com\/es\/wp-content\/uploads\/2023\/03\/Canoeing-in-Istanbul-1.webp","contentUrl":"https:\/\/manolyatour.com\/es\/wp-content\/uploads\/2023\/03\/Canoeing-in-Istanbul-1.webp","width":600,"height":413,"caption":"Canotaje en Estambul"},{"@type":"BreadcrumbList","@id":"https:\/\/manolyatour.com\/es\/product\/canoeing-in-istanbul\/#breadcrumb","itemListElement":[{"@type":"ListItem","position":1,"name":"\u062e\u0627\u0646\u0647","item":"https:\/\/manolyatour.com\/es\/"},{"@type":"ListItem","position":2,"name":"Tours","item":"https:\/\/manolyatour.com\/es\/tours\/"},{"@type":"ListItem","position":3,"name":"Canotaje en Estambul"}]},{"@type":"WebSite","@id":"https:\/\/manolyatour.com\/es\/#website","url":"https:\/\/manolyatour.com\/es\/","name":"Manolya Tours","description":"Turkey Tourism Company","publisher":{"@id":"https:\/\/manolyatour.com\/es\/#organization"},"potentialAction":[{"@type":"SearchAction","target":{"@type":"EntryPoint","urlTemplate":"https:\/\/manolyatour.com\/es\/?s={search_term_string}"},"query-input":{"@type":"PropertyValueSpecification","valueRequired":true,"valueName":"search_term_string"}}],"inLanguage":"en-US"},{"@type":"Organization","@id":"https:\/\/manolyatour.com\/es\/#organization","name":"Manolya Tours","url":"https:\/\/manolyatour.com\/es\/","logo":{"@type":"ImageObject","inLanguage":"en-US","@id":"https:\/\/manolyatour.com\/es\/#\/schema\/logo\/image\/","url":"https:\/\/manolyatour.com\/es\/wp-content\/uploads\/2023\/03\/ManolyaTour-Logo.png","contentUrl":"https:\/\/manolyatour.com\/es\/wp-content\/uploads\/2023\/03\/ManolyaTour-Logo.png","width":300,"height":218,"caption":"Manolya Tours"},"image":{"@id":"https:\/\/manolyatour.com\/es\/#\/schema\/logo\/image\/"}}]}},"_links":{"self":[{"href":"https:\/\/manolyatour.com\/es\/wp-json\/wp\/v2\/product\/2895","targetHints":{"allow":["GET"]}}],"collection":[{"href":"https:\/\/manolyatour.com\/es\/wp-json\/wp\/v2\/product"}],"about":[{"href":"https:\/\/manolyatour.com\/es\/wp-json\/wp\/v2\/types\/product"}],"replies":[{"embeddable":true,"href":"https:\/\/manolyatour.com\/es\/wp-json\/wp\/v2\/comments?post=2895"}],"wp:featuredmedia":[{"embeddable":true,"href":"https:\/\/manolyatour.com\/es\/wp-json\/wp\/v2\/media\/4226"}],"wp:attachment":[{"href":"https:\/\/manolyatour.com\/es\/wp-json\/wp\/v2\/media?parent=2895"}],"wp:term":[{"taxonomy":"product_brand","embeddable":true,"href":"https:\/\/manolyatour.com\/es\/wp-json\/wp\/v2\/product_brand?post=2895"},{"taxonomy":"product_cat","embeddable":true,"href":"https:\/\/manolyatour.com\/es\/wp-json\/wp\/v2\/product_cat?post=2895"},{"taxonomy":"product_tag","embeddable":true,"href":"https:\/\/manolyatour.com\/es\/wp-json\/wp\/v2\/product_tag?post=2895"}],"curies":[{"name":"wp","href":"https:\/\/api.w.org\/{rel}","templated":true}]}}