{"id":187,"date":"2022-11-23T13:03:27","date_gmt":"2022-11-23T10:03:27","guid":{"rendered":"http:\/\/toursbylocalguides.com\/?page_id=187"},"modified":"2023-11-06T15:47:18","modified_gmt":"2023-11-06T12:47:18","slug":"about-us","status":"publish","type":"page","link":"https:\/\/manolyatour.com\/es\/about-us\/","title":{"rendered":"About Us"},"content":{"rendered":"\t\t<div data-elementor-type=\"wp-page\" data-elementor-id=\"187\" class=\"elementor elementor-187\" data-elementor-post-type=\"page\">\n\t\t\t\t\t\t<section class=\"elementor-section elementor-top-section elementor-element elementor-element-f89f678 elementor-section-boxed elementor-section-height-default elementor-section-height-default\" data-id=\"f89f678\" data-element_type=\"section\" data-e-type=\"section\" data-settings=\"{&quot;background_background&quot;:&quot;classic&quot;}\">\n\t\t\t\t\t\t<div class=\"elementor-container elementor-column-gap-default\">\n\t\t\t\t\t<div class=\"elementor-column elementor-col-100 elementor-top-column elementor-element elementor-element-f86b296\" data-id=\"f86b296\" data-element_type=\"column\" data-e-type=\"column\">\n\t\t\t<div class=\"elementor-widget-wrap elementor-element-populated\">\n\t\t\t\t\t\t<div class=\"elementor-element elementor-element-b9c1ff3 elementor-widget elementor-widget-heading\" data-id=\"b9c1ff3\" data-element_type=\"widget\" data-e-type=\"widget\" data-widget_type=\"heading.default\">\n\t\t\t\t<div class=\"elementor-widget-container\">\n\t\t\t\t\t<h2 class=\"elementor-heading-title elementor-size-default\">Sobre nosotras<\/h2>\t\t\t\t<\/div>\n\t\t\t\t<\/div>\n\t\t\t\t\t<\/div>\n\t\t<\/div>\n\t\t\t\t\t<\/div>\n\t\t<\/section>\n\t\t\t\t<section class=\"elementor-section elementor-top-section elementor-element elementor-element-e0a9966 elementor-section-boxed elementor-section-height-default elementor-section-height-default\" data-id=\"e0a9966\" data-element_type=\"section\" data-e-type=\"section\">\n\t\t\t\t\t\t<div class=\"elementor-container elementor-column-gap-default\">\n\t\t\t\t\t<div class=\"elementor-column elementor-col-50 elementor-top-column elementor-element elementor-element-32dea34\" data-id=\"32dea34\" data-element_type=\"column\" data-e-type=\"column\">\n\t\t\t<div class=\"elementor-widget-wrap elementor-element-populated\">\n\t\t\t\t\t\t<div class=\"elementor-element elementor-element-b26627d elementor-widget elementor-widget-theme-site-logo elementor-widget-image\" data-id=\"b26627d\" data-element_type=\"widget\" data-e-type=\"widget\" data-widget_type=\"theme-site-logo.default\">\n\t\t\t\t<div class=\"elementor-widget-container\">\n\t\t\t\t\t\t\t\t\t\t\t<a href=\"https:\/\/manolyatour.com\/es\">\n\t\t\t<img fetchpriority=\"high\" decoding=\"async\" width=\"300\" height=\"218\" src=\"https:\/\/manolyatour.com\/es\/wp-content\/uploads\/2023\/03\/ManolyaTour-Logo.png\" class=\"attachment-full size-full wp-image-2788\" alt=\"ManolyaTour\" \/>\t\t\t\t<\/a>\n\t\t\t\t\t\t\t\t\t\t\t<\/div>\n\t\t\t\t<\/div>\n\t\t\t\t\t<\/div>\n\t\t<\/div>\n\t\t\t\t<div class=\"elementor-column elementor-col-50 elementor-top-column elementor-element elementor-element-b31c262\" data-id=\"b31c262\" data-element_type=\"column\" data-e-type=\"column\">\n\t\t\t<div class=\"elementor-widget-wrap elementor-element-populated\">\n\t\t\t\t\t\t<div class=\"elementor-element elementor-element-239a456 elementor-widget elementor-widget-text-editor\" data-id=\"239a456\" data-element_type=\"widget\" data-e-type=\"widget\" data-widget_type=\"text-editor.default\">\n\t\t\t\t<div class=\"elementor-widget-container\">\n\t\t\t\t\t\t\t\t\t<div class=\"wpb_text_column\"><div class=\"wpb_wrapper\"><div class=\"widget-row \"><div id=\"text-widget-1645564419182\" class=\"widget anim-delayed-item widgetResponsive textWidget col8 anim-displayed lazyAnimation-fadeInLeft\" data-type=\"TextWidget\" data-delay=\"\" data-animation-duration=\"300\" data-animation-delay=\"100\" data-animation=\"lazyAnimation-fadeInLeft\"><div class=\"text-widget-content\"><h3 dir=\"ltr\" style=\"text-align: justify;\"><span style=\"color: #2095ae;\"><strong>Sobre nosotras<\/strong><\/span><\/h3><p style=\"text-align: justify;\">\u00a0\u00a0\u00a0 Como una Agencia de Viajes oficial local, contamos con 15 a\u00f1os de experiencia en turismo con la satisfacci\u00f3n de muchos clientes y hemos operado numerosos tours en Estambul y el resto de\u00a0\u00a0\u00a0\u00a0 Turqu\u00eda desde 2008. Como Agencia de Viajes Manolya, siempre podemos ayudarte con precios razonables en lo que respecta a hoteles, tours, boletos de avi\u00f3n, traslados al aeropuerto y muchos otros servicios.<\/p><p style=\"text-align: justify;\">\u00a0\u00a0\u00a0 Ofrecemos muchas opciones de tours grupales y privados con destinos variados en Estambul y en toda Turqu\u00eda. Los paquetes tur\u00edsticos ser\u00e1n dise\u00f1ados por nuestros experimentados miembros del equipo, quienes estar\u00e1n en contacto contigo las 24 horas durante tu viaje a nuestro pa\u00eds. Es por eso que nuestra oficina se encuentra en la Ciudad Vieja de Estambul, llamada SULTANAHMET\/FATIH. Estamos a solo 2 minutos de la Mezquita de Santa Sof\u00eda y a 1 minuto de la estaci\u00f3n de tranv\u00eda de Sultanahmet.<\/p><p style=\"text-align: justify;\">\u00a0\u00a0\u00a0 Puedes visitar nuestro sitio web para obtener m\u00e1s informaci\u00f3n sobre nuestros tours y enviarnos un mensaje a trav\u00e9s de WhatsApp o el chat en l\u00ednea de nuestro sitio web. Siempre estaremos encantados de conocerte en nuestra oficina o asistirte en l\u00ednea con nuestros tours e informaci\u00f3n sobre nuestros servicios.<\/p><p style=\"text-align: justify;\"><span style=\"color: #33cccc;\"><strong>\u00a1No dudes en contactarnos!<\/strong><\/span><\/p><\/div><p style=\"text-align: justify;\">Agencia de Viajes Manolya &#8211; Especialistas en Tours por Turqu\u00eda, Agencia de Viajes &#8211; Operador de Tours en Turqu\u00eda y Agente de Viajes Turco desde 2019, Miembro de la Asociaci\u00f3n de Agencias de Viajes Turcas TURSAB, ID de Miembro: A-12304<\/p><\/div><\/div><\/div><\/div>\t\t\t\t\t\t\t\t<\/div>\n\t\t\t\t<\/div>\n\t\t\t\t<div class=\"elementor-element elementor-element-567924a elementor-align-justify elementor-widget elementor-widget-button\" data-id=\"567924a\" data-element_type=\"widget\" data-e-type=\"widget\" data-widget_type=\"button.default\">\n\t\t\t\t<div class=\"elementor-widget-container\">\n\t\t\t\t\t\t\t\t\t<div class=\"elementor-button-wrapper\">\n\t\t\t\t\t<a class=\"elementor-button elementor-button-link elementor-size-sm\" href=\"https:\/\/api.whatsapp.com\/send?phone=905523447673&#038;text=\">\n\t\t\t\t\t\t<span class=\"elementor-button-content-wrapper\">\n\t\t\t\t\t\t\t\t\t<span class=\"elementor-button-text\">Nuestro Whatsapp<\/span>\n\t\t\t\t\t<\/span>\n\t\t\t\t\t<\/a>\n\t\t\t\t<\/div>\n\t\t\t\t\t\t\t\t<\/div>\n\t\t\t\t<\/div>\n\t\t\t\t\t<\/div>\n\t\t<\/div>\n\t\t\t\t\t<\/div>\n\t\t<\/section>\n\t\t\t\t<\/div>\n\t\t","protected":false},"excerpt":{"rendered":"<p>Sobre nosotras Sobre nosotras \u00a0\u00a0\u00a0 Como una Agencia de Viajes oficial local, contamos con 15 a\u00f1os de experiencia en turismo con la satisfacci\u00f3n de muchos clientes y hemos operado numerosos tours en Estambul y el resto de\u00a0\u00a0\u00a0\u00a0 Turqu\u00eda desde 2008. Como Agencia de Viajes Manolya, siempre podemos ayudarte con precios razonables en lo que respecta [&hellip;]<\/p>\n","protected":false},"author":1,"featured_media":0,"parent":0,"menu_order":0,"comment_status":"closed","ping_status":"closed","template":"","meta":{"footnotes":""},"class_list":["post-187","page","type-page","status-publish","hentry"],"yoast_head":"<!-- This site is optimized with the Yoast SEO plugin v27.3 - https:\/\/yoast.com\/product\/yoast-seo-wordpress\/ -->\n<title>About Us - Manolya Tours<\/title>\n<meta name=\"robots\" content=\"index, follow, max-snippet:-1, max-image-preview:large, max-video-preview:-1\" \/>\n<link rel=\"canonical\" href=\"https:\/\/manolyatour.com\/es\/about-us\/\" \/>\n<meta property=\"og:locale\" content=\"en_US\" \/>\n<meta property=\"og:type\" content=\"article\" \/>\n<meta property=\"og:title\" content=\"About Us - Manolya Tours\" \/>\n<meta property=\"og:description\" content=\"Sobre nosotras Sobre nosotras \u00a0\u00a0\u00a0 Como una Agencia de Viajes oficial local, contamos con 15 a\u00f1os de experiencia en turismo con la satisfacci\u00f3n de muchos clientes y hemos operado numerosos tours en Estambul y el resto de\u00a0\u00a0\u00a0\u00a0 Turqu\u00eda desde 2008. Como Agencia de Viajes Manolya, siempre podemos ayudarte con precios razonables en lo que respecta [&hellip;]\" \/>\n<meta property=\"og:url\" content=\"https:\/\/manolyatour.com\/es\/about-us\/\" \/>\n<meta property=\"og:site_name\" content=\"Manolya Tours\" \/>\n<meta property=\"article:modified_time\" content=\"2023-11-06T12:47:18+00:00\" \/>\n<meta name=\"twitter:card\" content=\"summary_large_image\" \/>\n<meta name=\"twitter:label1\" content=\"Est. reading time\" \/>\n\t<meta name=\"twitter:data1\" content=\"2 minutes\" \/>\n<script type=\"application\/ld+json\" class=\"yoast-schema-graph\">{\"@context\":\"https:\\\/\\\/schema.org\",\"@graph\":[{\"@type\":\"WebPage\",\"@id\":\"https:\\\/\\\/manolyatour.com\\\/es\\\/about-us\\\/\",\"url\":\"https:\\\/\\\/manolyatour.com\\\/es\\\/about-us\\\/\",\"name\":\"About Us - Manolya Tours\",\"isPartOf\":{\"@id\":\"https:\\\/\\\/manolyatour.com\\\/es\\\/#website\"},\"datePublished\":\"2022-11-23T10:03:27+00:00\",\"dateModified\":\"2023-11-06T12:47:18+00:00\",\"breadcrumb\":{\"@id\":\"https:\\\/\\\/manolyatour.com\\\/es\\\/about-us\\\/#breadcrumb\"},\"inLanguage\":\"en-US\",\"potentialAction\":[{\"@type\":\"ReadAction\",\"target\":[\"https:\\\/\\\/manolyatour.com\\\/es\\\/about-us\\\/\"]}]},{\"@type\":\"BreadcrumbList\",\"@id\":\"https:\\\/\\\/manolyatour.com\\\/es\\\/about-us\\\/#breadcrumb\",\"itemListElement\":[{\"@type\":\"ListItem\",\"position\":1,\"name\":\"\u062e\u0627\u0646\u0647\",\"item\":\"https:\\\/\\\/manolyatour.com\\\/es\\\/\"},{\"@type\":\"ListItem\",\"position\":2,\"name\":\"About Us\"}]},{\"@type\":\"WebSite\",\"@id\":\"https:\\\/\\\/manolyatour.com\\\/es\\\/#website\",\"url\":\"https:\\\/\\\/manolyatour.com\\\/es\\\/\",\"name\":\"Manolya Tours\",\"description\":\"Turkey Tourism Company\",\"publisher\":{\"@id\":\"https:\\\/\\\/manolyatour.com\\\/es\\\/#organization\"},\"potentialAction\":[{\"@type\":\"SearchAction\",\"target\":{\"@type\":\"EntryPoint\",\"urlTemplate\":\"https:\\\/\\\/manolyatour.com\\\/es\\\/?s={search_term_string}\"},\"query-input\":{\"@type\":\"PropertyValueSpecification\",\"valueRequired\":true,\"valueName\":\"search_term_string\"}}],\"inLanguage\":\"en-US\"},{\"@type\":\"Organization\",\"@id\":\"https:\\\/\\\/manolyatour.com\\\/es\\\/#organization\",\"name\":\"Manolya Tours\",\"url\":\"https:\\\/\\\/manolyatour.com\\\/es\\\/\",\"logo\":{\"@type\":\"ImageObject\",\"inLanguage\":\"en-US\",\"@id\":\"https:\\\/\\\/manolyatour.com\\\/es\\\/#\\\/schema\\\/logo\\\/image\\\/\",\"url\":\"https:\\\/\\\/manolyatour.com\\\/es\\\/wp-content\\\/uploads\\\/2023\\\/03\\\/ManolyaTour-Logo.png\",\"contentUrl\":\"https:\\\/\\\/manolyatour.com\\\/es\\\/wp-content\\\/uploads\\\/2023\\\/03\\\/ManolyaTour-Logo.png\",\"width\":300,\"height\":218,\"caption\":\"Manolya Tours\"},\"image\":{\"@id\":\"https:\\\/\\\/manolyatour.com\\\/es\\\/#\\\/schema\\\/logo\\\/image\\\/\"}}]}<\/script>\n<!-- \/ Yoast SEO plugin. -->","yoast_head_json":{"title":"About Us - Manolya Tours","robots":{"index":"index","follow":"follow","max-snippet":"max-snippet:-1","max-image-preview":"max-image-preview:large","max-video-preview":"max-video-preview:-1"},"canonical":"https:\/\/manolyatour.com\/es\/about-us\/","og_locale":"en_US","og_type":"article","og_title":"About Us - Manolya Tours","og_description":"Sobre nosotras Sobre nosotras \u00a0\u00a0\u00a0 Como una Agencia de Viajes oficial local, contamos con 15 a\u00f1os de experiencia en turismo con la satisfacci\u00f3n de muchos clientes y hemos operado numerosos tours en Estambul y el resto de\u00a0\u00a0\u00a0\u00a0 Turqu\u00eda desde 2008. Como Agencia de Viajes Manolya, siempre podemos ayudarte con precios razonables en lo que respecta [&hellip;]","og_url":"https:\/\/manolyatour.com\/es\/about-us\/","og_site_name":"Manolya Tours","article_modified_time":"2023-11-06T12:47:18+00:00","twitter_card":"summary_large_image","twitter_misc":{"Est. reading time":"2 minutes"},"schema":{"@context":"https:\/\/schema.org","@graph":[{"@type":"WebPage","@id":"https:\/\/manolyatour.com\/es\/about-us\/","url":"https:\/\/manolyatour.com\/es\/about-us\/","name":"About Us - Manolya Tours","isPartOf":{"@id":"https:\/\/manolyatour.com\/es\/#website"},"datePublished":"2022-11-23T10:03:27+00:00","dateModified":"2023-11-06T12:47:18+00:00","breadcrumb":{"@id":"https:\/\/manolyatour.com\/es\/about-us\/#breadcrumb"},"inLanguage":"en-US","potentialAction":[{"@type":"ReadAction","target":["https:\/\/manolyatour.com\/es\/about-us\/"]}]},{"@type":"BreadcrumbList","@id":"https:\/\/manolyatour.com\/es\/about-us\/#breadcrumb","itemListElement":[{"@type":"ListItem","position":1,"name":"\u062e\u0627\u0646\u0647","item":"https:\/\/manolyatour.com\/es\/"},{"@type":"ListItem","position":2,"name":"About Us"}]},{"@type":"WebSite","@id":"https:\/\/manolyatour.com\/es\/#website","url":"https:\/\/manolyatour.com\/es\/","name":"Manolya Tours","description":"Turkey Tourism Company","publisher":{"@id":"https:\/\/manolyatour.com\/es\/#organization"},"potentialAction":[{"@type":"SearchAction","target":{"@type":"EntryPoint","urlTemplate":"https:\/\/manolyatour.com\/es\/?s={search_term_string}"},"query-input":{"@type":"PropertyValueSpecification","valueRequired":true,"valueName":"search_term_string"}}],"inLanguage":"en-US"},{"@type":"Organization","@id":"https:\/\/manolyatour.com\/es\/#organization","name":"Manolya Tours","url":"https:\/\/manolyatour.com\/es\/","logo":{"@type":"ImageObject","inLanguage":"en-US","@id":"https:\/\/manolyatour.com\/es\/#\/schema\/logo\/image\/","url":"https:\/\/manolyatour.com\/es\/wp-content\/uploads\/2023\/03\/ManolyaTour-Logo.png","contentUrl":"https:\/\/manolyatour.com\/es\/wp-content\/uploads\/2023\/03\/ManolyaTour-Logo.png","width":300,"height":218,"caption":"Manolya Tours"},"image":{"@id":"https:\/\/manolyatour.com\/es\/#\/schema\/logo\/image\/"}}]}},"_links":{"self":[{"href":"https:\/\/manolyatour.com\/es\/wp-json\/wp\/v2\/pages\/187","targetHints":{"allow":["GET"]}}],"collection":[{"href":"https:\/\/manolyatour.com\/es\/wp-json\/wp\/v2\/pages"}],"about":[{"href":"https:\/\/manolyatour.com\/es\/wp-json\/wp\/v2\/types\/page"}],"author":[{"embeddable":true,"href":"https:\/\/manolyatour.com\/es\/wp-json\/wp\/v2\/users\/1"}],"replies":[{"embeddable":true,"href":"https:\/\/manolyatour.com\/es\/wp-json\/wp\/v2\/comments?post=187"}],"version-history":[{"count":9,"href":"https:\/\/manolyatour.com\/es\/wp-json\/wp\/v2\/pages\/187\/revisions"}],"predecessor-version":[{"id":4587,"href":"https:\/\/manolyatour.com\/es\/wp-json\/wp\/v2\/pages\/187\/revisions\/4587"}],"wp:attachment":[{"href":"https:\/\/manolyatour.com\/es\/wp-json\/wp\/v2\/media?parent=187"}],"curies":[{"name":"wp","href":"https:\/\/api.w.org\/{rel}","templated":true}]}}