{"id":1371,"date":"2022-12-28T16:00:30","date_gmt":"2022-12-28T13:00:30","guid":{"rendered":"https:\/\/manolyatour.com\/?page_id=1371"},"modified":"2023-10-31T13:15:47","modified_gmt":"2023-10-31T10:15:47","slug":"privacy-policy","status":"publish","type":"page","link":"https:\/\/manolyatour.com\/es\/privacy-policy\/","title":{"rendered":"Pol\u00edtica de privacidad"},"content":{"rendered":"<p style=\"text-align: justify;\">En <a href=\"https:\/\/manolyatour.com\/es\/\">Manolya Tour<\/a>, la preservaci\u00f3n de la informaci\u00f3n del usuario tal como: nombre, apellido, correo electr\u00f3nico y n\u00famero de tel\u00e9fono se considera muy importante y proteger la privacidad de los usuarios es una de nuestras prioridades principales. Manolya Tour utiliza la informaci\u00f3n antes mencionada para comunicarse con los clientes, controlar procesos, monitorear el flujo de prestaci\u00f3n de servicios, optimizar el contenido de la p\u00e1gina web y realizar investigaciones de marketing.<\/p>\n<p style=\"text-align: justify;\">Manolya Tour recibe la siguiente informaci\u00f3n de forma an\u00f3nima con el permiso del usuario. Esta informaci\u00f3n es necesaria para monitorear la causa de errores y mejorar los problemas del sistema y la experiencia del usuario al utilizar el sitio web de Manolya Tour. Tambi\u00e9n permite investigar mercados y llevar servicios y sugerencias de compra m\u00e1s relevantes y econ\u00f3micas al usuario. Los elementos para respaldar y rastrear los pedidos de los clientes se recopilan al igual que todos los sistemas del mundo, y no est\u00e1n directamente relacionados con una persona real espec\u00edfica.<\/p>\n<p style=\"text-align: justify;\">Al igual que otros sitios web nacionales y extranjeros, Manolya Tour utiliza recopilaci\u00f3n de IP y cookies, pero el protocolo, el servidor y las capas de seguridad de Manolya Tour y los m\u00e9todos apropiados de gesti\u00f3n de datos protegen los datos de los usuarios y evitan el acceso ilegal. La responsabilidad por cualquier uso indebido est\u00e1 relacionado a la persona o personas infractoras y Manolya Tour se reserva el derecho de objetar y emprender acciones legales a su discreci\u00f3n.<\/p>\n<p style=\"text-align: justify;\">Una cookie es un archivo creado por el navegador a solicitud de una p\u00e1gina y permite guardar sus visitas y personalizarlas. Muchos navegadores posibilitan desactivar las cookies, rep\u00f3rtense a la gu\u00eda del navegador para enterarse del proceso a seguir.<\/p>\n<p style=\"text-align: justify;\">Tenga en cuenta que (+90) 0552 344 76 73 es el n\u00famero a trav\u00e9s del cual Manolya Tour s\u00f3lo se comunicar\u00e1 con sus usuarios y clientes. Por lo tanto, enviar cualquier SMS o llamada bajo el t\u00edtulo de Manolya Tour con cualquier otro n\u00famero es una violaci\u00f3n y abuso del nombre de Manolya Tour, y si recibe dicho SMS, por favor inf\u00f3rmenos a <a href=\"mailto:info@manolyatour.com\">info@manolyatour.com<\/a> para seguimiento legal.<\/p>\n","protected":false},"excerpt":{"rendered":"<p>En Manolya Tour, la preservaci\u00f3n de la informaci\u00f3n del usuario tal como: nombre, apellido, correo electr\u00f3nico y n\u00famero de tel\u00e9fono se considera muy importante y proteger la privacidad de los usuarios es una de nuestras prioridades principales. Manolya Tour utiliza la informaci\u00f3n antes mencionada para comunicarse con los clientes, controlar procesos, monitorear el flujo de [&hellip;]<\/p>\n","protected":false},"author":1,"featured_media":0,"parent":0,"menu_order":0,"comment_status":"closed","ping_status":"closed","template":"","meta":{"footnotes":""},"class_list":["post-1371","page","type-page","status-publish","hentry"],"yoast_head":"<!-- This site is optimized with the Yoast SEO plugin v27.3 - https:\/\/yoast.com\/product\/yoast-seo-wordpress\/ -->\n<title>Pol\u00edtica de privacidad - Manolya Tours<\/title>\n<meta name=\"description\" content=\"Pol\u00edtica de privacidad\" \/>\n<meta name=\"robots\" content=\"index, follow, max-snippet:-1, max-image-preview:large, max-video-preview:-1\" \/>\n<link rel=\"canonical\" href=\"https:\/\/manolyatour.com\/es\/privacy-policy\/\" \/>\n<meta property=\"og:locale\" content=\"en_US\" \/>\n<meta property=\"og:type\" content=\"article\" \/>\n<meta property=\"og:title\" content=\"Pol\u00edtica de privacidad - Manolya Tours\" \/>\n<meta property=\"og:description\" content=\"Pol\u00edtica de privacidad\" \/>\n<meta property=\"og:url\" content=\"https:\/\/manolyatour.com\/es\/privacy-policy\/\" \/>\n<meta property=\"og:site_name\" content=\"Manolya Tours\" \/>\n<meta property=\"article:modified_time\" content=\"2023-10-31T10:15:47+00:00\" \/>\n<meta name=\"twitter:card\" content=\"summary_large_image\" \/>\n<meta name=\"twitter:label1\" content=\"Est. reading time\" \/>\n\t<meta name=\"twitter:data1\" content=\"2 minutes\" \/>\n<script type=\"application\/ld+json\" class=\"yoast-schema-graph\">{\"@context\":\"https:\\\/\\\/schema.org\",\"@graph\":[{\"@type\":\"WebPage\",\"@id\":\"https:\\\/\\\/manolyatour.com\\\/es\\\/privacy-policy\\\/\",\"url\":\"https:\\\/\\\/manolyatour.com\\\/es\\\/privacy-policy\\\/\",\"name\":\"Pol\u00edtica de privacidad - Manolya Tours\",\"isPartOf\":{\"@id\":\"https:\\\/\\\/manolyatour.com\\\/es\\\/#website\"},\"datePublished\":\"2022-12-28T13:00:30+00:00\",\"dateModified\":\"2023-10-31T10:15:47+00:00\",\"description\":\"Pol\u00edtica de privacidad\",\"breadcrumb\":{\"@id\":\"https:\\\/\\\/manolyatour.com\\\/es\\\/privacy-policy\\\/#breadcrumb\"},\"inLanguage\":\"en-US\",\"potentialAction\":[{\"@type\":\"ReadAction\",\"target\":[\"https:\\\/\\\/manolyatour.com\\\/es\\\/privacy-policy\\\/\"]}]},{\"@type\":\"BreadcrumbList\",\"@id\":\"https:\\\/\\\/manolyatour.com\\\/es\\\/privacy-policy\\\/#breadcrumb\",\"itemListElement\":[{\"@type\":\"ListItem\",\"position\":1,\"name\":\"\u062e\u0627\u0646\u0647\",\"item\":\"https:\\\/\\\/manolyatour.com\\\/es\\\/\"},{\"@type\":\"ListItem\",\"position\":2,\"name\":\"Pol\u00edtica de privacidad\"}]},{\"@type\":\"WebSite\",\"@id\":\"https:\\\/\\\/manolyatour.com\\\/es\\\/#website\",\"url\":\"https:\\\/\\\/manolyatour.com\\\/es\\\/\",\"name\":\"Manolya Tours\",\"description\":\"Turkey Tourism Company\",\"publisher\":{\"@id\":\"https:\\\/\\\/manolyatour.com\\\/es\\\/#organization\"},\"potentialAction\":[{\"@type\":\"SearchAction\",\"target\":{\"@type\":\"EntryPoint\",\"urlTemplate\":\"https:\\\/\\\/manolyatour.com\\\/es\\\/?s={search_term_string}\"},\"query-input\":{\"@type\":\"PropertyValueSpecification\",\"valueRequired\":true,\"valueName\":\"search_term_string\"}}],\"inLanguage\":\"en-US\"},{\"@type\":\"Organization\",\"@id\":\"https:\\\/\\\/manolyatour.com\\\/es\\\/#organization\",\"name\":\"Manolya Tours\",\"url\":\"https:\\\/\\\/manolyatour.com\\\/es\\\/\",\"logo\":{\"@type\":\"ImageObject\",\"inLanguage\":\"en-US\",\"@id\":\"https:\\\/\\\/manolyatour.com\\\/es\\\/#\\\/schema\\\/logo\\\/image\\\/\",\"url\":\"https:\\\/\\\/manolyatour.com\\\/es\\\/wp-content\\\/uploads\\\/2023\\\/03\\\/ManolyaTour-Logo.png\",\"contentUrl\":\"https:\\\/\\\/manolyatour.com\\\/es\\\/wp-content\\\/uploads\\\/2023\\\/03\\\/ManolyaTour-Logo.png\",\"width\":300,\"height\":218,\"caption\":\"Manolya Tours\"},\"image\":{\"@id\":\"https:\\\/\\\/manolyatour.com\\\/es\\\/#\\\/schema\\\/logo\\\/image\\\/\"}}]}<\/script>\n<!-- \/ Yoast SEO plugin. -->","yoast_head_json":{"title":"Pol\u00edtica de privacidad - Manolya Tours","description":"Pol\u00edtica de privacidad","robots":{"index":"index","follow":"follow","max-snippet":"max-snippet:-1","max-image-preview":"max-image-preview:large","max-video-preview":"max-video-preview:-1"},"canonical":"https:\/\/manolyatour.com\/es\/privacy-policy\/","og_locale":"en_US","og_type":"article","og_title":"Pol\u00edtica de privacidad - Manolya Tours","og_description":"Pol\u00edtica de privacidad","og_url":"https:\/\/manolyatour.com\/es\/privacy-policy\/","og_site_name":"Manolya Tours","article_modified_time":"2023-10-31T10:15:47+00:00","twitter_card":"summary_large_image","twitter_misc":{"Est. reading time":"2 minutes"},"schema":{"@context":"https:\/\/schema.org","@graph":[{"@type":"WebPage","@id":"https:\/\/manolyatour.com\/es\/privacy-policy\/","url":"https:\/\/manolyatour.com\/es\/privacy-policy\/","name":"Pol\u00edtica de privacidad - Manolya Tours","isPartOf":{"@id":"https:\/\/manolyatour.com\/es\/#website"},"datePublished":"2022-12-28T13:00:30+00:00","dateModified":"2023-10-31T10:15:47+00:00","description":"Pol\u00edtica de privacidad","breadcrumb":{"@id":"https:\/\/manolyatour.com\/es\/privacy-policy\/#breadcrumb"},"inLanguage":"en-US","potentialAction":[{"@type":"ReadAction","target":["https:\/\/manolyatour.com\/es\/privacy-policy\/"]}]},{"@type":"BreadcrumbList","@id":"https:\/\/manolyatour.com\/es\/privacy-policy\/#breadcrumb","itemListElement":[{"@type":"ListItem","position":1,"name":"\u062e\u0627\u0646\u0647","item":"https:\/\/manolyatour.com\/es\/"},{"@type":"ListItem","position":2,"name":"Pol\u00edtica de privacidad"}]},{"@type":"WebSite","@id":"https:\/\/manolyatour.com\/es\/#website","url":"https:\/\/manolyatour.com\/es\/","name":"Manolya Tours","description":"Turkey Tourism Company","publisher":{"@id":"https:\/\/manolyatour.com\/es\/#organization"},"potentialAction":[{"@type":"SearchAction","target":{"@type":"EntryPoint","urlTemplate":"https:\/\/manolyatour.com\/es\/?s={search_term_string}"},"query-input":{"@type":"PropertyValueSpecification","valueRequired":true,"valueName":"search_term_string"}}],"inLanguage":"en-US"},{"@type":"Organization","@id":"https:\/\/manolyatour.com\/es\/#organization","name":"Manolya Tours","url":"https:\/\/manolyatour.com\/es\/","logo":{"@type":"ImageObject","inLanguage":"en-US","@id":"https:\/\/manolyatour.com\/es\/#\/schema\/logo\/image\/","url":"https:\/\/manolyatour.com\/es\/wp-content\/uploads\/2023\/03\/ManolyaTour-Logo.png","contentUrl":"https:\/\/manolyatour.com\/es\/wp-content\/uploads\/2023\/03\/ManolyaTour-Logo.png","width":300,"height":218,"caption":"Manolya Tours"},"image":{"@id":"https:\/\/manolyatour.com\/es\/#\/schema\/logo\/image\/"}}]}},"_links":{"self":[{"href":"https:\/\/manolyatour.com\/es\/wp-json\/wp\/v2\/pages\/1371","targetHints":{"allow":["GET"]}}],"collection":[{"href":"https:\/\/manolyatour.com\/es\/wp-json\/wp\/v2\/pages"}],"about":[{"href":"https:\/\/manolyatour.com\/es\/wp-json\/wp\/v2\/types\/page"}],"author":[{"embeddable":true,"href":"https:\/\/manolyatour.com\/es\/wp-json\/wp\/v2\/users\/1"}],"replies":[{"embeddable":true,"href":"https:\/\/manolyatour.com\/es\/wp-json\/wp\/v2\/comments?post=1371"}],"version-history":[{"count":1,"href":"https:\/\/manolyatour.com\/es\/wp-json\/wp\/v2\/pages\/1371\/revisions"}],"predecessor-version":[{"id":4505,"href":"https:\/\/manolyatour.com\/es\/wp-json\/wp\/v2\/pages\/1371\/revisions\/4505"}],"wp:attachment":[{"href":"https:\/\/manolyatour.com\/es\/wp-json\/wp\/v2\/media?parent=1371"}],"curies":[{"name":"wp","href":"https:\/\/api.w.org\/{rel}","templated":true}]}}